{"id":115,"date":"2020-03-24T19:13:57","date_gmt":"2020-03-24T18:13:57","guid":{"rendered":"https:\/\/amepn.ma\/?page_id=115"},"modified":"2024-01-12T23:59:25","modified_gmt":"2024-01-12T22:59:25","slug":"contacts","status":"publish","type":"page","link":"https:\/\/amepn.ma\/?page_id=115","title":{"rendered":"Nous contacter ?"},"content":{"rendered":"\n<p class=\"has-text-align-center has-black-color has-vivid-green-cyan-background-color has-text-color has-background\" style=\"font-size:20px\"><strong>Pour nous contacter : <\/strong><\/p>\n\n\n\n<p class=\"has-black-color has-text-color has-link-color has-medium-font-size wp-elements-49bca5f0b57d3e9a6f4bc689eb84ec40\"><strong>Adresse<\/strong> <strong>physique<\/strong>: \u00c9comus\u00e9e de la For\u00eat de la Ma\u00e2mora, Sidi Amira, Sal\u00e9 <\/p>\n\n\n\n<p class=\"has-black-color has-text-color has-link-color has-medium-font-size wp-elements-8958a1bfe5aa8b487af4a3e06051bf47\"><strong>Adresse postale<\/strong> : B.P 591, Rabat-Chellah, Rabat 10120 &#8211; Maroc<\/p>\n\n\n\n<p class=\"has-black-color has-text-color has-link-color has-medium-font-size wp-elements-0e40f9a6326ba46035124f7911d96cc7\"><strong>T\u00e9l\u00e9phone<\/strong> :  Depuis le Maroc :  06 61 48 93 29,    Depuis l&rsquo;\u00e9tranger : +212 661 489 329<\/p>\n\n\n\n<p class=\"has-black-color has-text-color has-link-color has-medium-font-size wp-elements-aa3923a9fc397ebbf1daec0789b70a79\"><strong>Emails :<\/strong> amepn.mail@amepn.ma <\/p>\n\n\n\n<p class=\"has-black-color has-text-color has-link-color has-medium-font-size wp-elements-392747e07bc1ba4638b54c4c25b4c363\"><strong>Facebook :<\/strong> https:\/\/web.facebook.com\/amepn.ma<\/p>\n\n\n\n<p class=\"has-text-align-center has-black-color has-vivid-green-cyan-background-color has-text-color has-background\" style=\"font-size:20px\"><strong>Pour des demandes sp\u00e9cifiques <\/strong><\/p>\n\n\n\n<p class=\"has-black-color has-text-color has-link-color has-medium-font-size wp-elements-9c987a8b4f944b7035d54fa4a8a3b2d0\"><strong>Demande d&rsquo;information  :<\/strong>       info@amepn.ma <\/p>\n","protected":false},"excerpt":{"rendered":"<p>Pour nous contacter : Adresse physique: \u00c9comus\u00e9e de la For\u00eat de la Ma\u00e2mora, Sidi Amira, Sal\u00e9 Adresse postale : B.P 591, Rabat-Chellah, Rabat 10120 &#8211; Maroc T\u00e9l\u00e9phone : Depuis le Maroc : 06 61 48 93 29, Depuis l&rsquo;\u00e9tranger : +212 661 489 329 Emails : amepn.mail@amepn.ma Facebook : https:\/\/web.facebook.com\/amepn.ma Pour des demandes sp\u00e9cifiques Demande d&rsquo;information : info@amepn.ma<\/p>\n","protected":false},"author":1,"featured_media":0,"parent":0,"menu_order":0,"comment_status":"closed","ping_status":"closed","template":"","meta":{"_acf_changed":false,"footnotes":""},"class_list":["post-115","page","type-page","status-publish","hentry"],"acf":[],"jetpack_sharing_enabled":true,"jetpack_likes_enabled":true,"_links":{"self":[{"href":"https:\/\/amepn.ma\/index.php?rest_route=\/wp\/v2\/pages\/115","targetHints":{"allow":["GET"]}}],"collection":[{"href":"https:\/\/amepn.ma\/index.php?rest_route=\/wp\/v2\/pages"}],"about":[{"href":"https:\/\/amepn.ma\/index.php?rest_route=\/wp\/v2\/types\/page"}],"author":[{"embeddable":true,"href":"https:\/\/amepn.ma\/index.php?rest_route=\/wp\/v2\/users\/1"}],"replies":[{"embeddable":true,"href":"https:\/\/amepn.ma\/index.php?rest_route=%2Fwp%2Fv2%2Fcomments&post=115"}],"version-history":[{"count":18,"href":"https:\/\/amepn.ma\/index.php?rest_route=\/wp\/v2\/pages\/115\/revisions"}],"predecessor-version":[{"id":2760,"href":"https:\/\/amepn.ma\/index.php?rest_route=\/wp\/v2\/pages\/115\/revisions\/2760"}],"wp:attachment":[{"href":"https:\/\/amepn.ma\/index.php?rest_route=%2Fwp%2Fv2%2Fmedia&parent=115"}],"curies":[{"name":"wp","href":"https:\/\/api.w.org\/{rel}","templated":true}]}}