{"id":1879,"date":"2020-07-29T17:01:01","date_gmt":"2020-07-29T15:01:01","guid":{"rendered":"https:\/\/amepn.ma\/?page_id=1879"},"modified":"2025-06-04T20:46:37","modified_gmt":"2025-06-04T18:46:37","slug":"audits-rapports","status":"publish","type":"page","link":"https:\/\/amepn.ma\/?page_id=1879","title":{"rendered":"Audits &#038; rapports"},"content":{"rendered":"\n<p class=\"has-text-align-left has-black-color has-white-background-color has-text-color has-background\" style=\"font-size:15px\"><strong>Dans cette rubrique nous publions les rapports d&rsquo;activit\u00e9s, les bilans financiers et les rapports d&rsquo;audits relatifs aux projets et aux actions r\u00e9alis\u00e9es par l&rsquo;AMEPN. <\/strong><\/p>\n\n\n\n<p class=\"has-black-color has-pale-cyan-blue-background-color has-text-color has-background has-link-color has-small-font-size wp-elements-f6fa5c869a6710e665ab0f0dcbf4610a\"><strong>Rapport final du projet : <\/strong><em>Vers la mise en place d\u2019un Observatoire pour la conservation des Zones Humides de la R\u00e9serve de Biosph\u00e8re du C\u00e8dre de l\u2019Atlas, Maroc<\/em> : 2023 &#8211; 2024<\/p>\n\n\n\n<div class=\"wp-block-file\"><a id=\"wp-block-file--media-2447de02-2111-4884-9e67-b86e5f47df12\" href=\"https:\/\/amepn.ma\/wp-content\/uploads\/2025\/06\/CEPF-MED-Small-Grant_Final-Budget-Report_AMEPN_02-SE-BA.pdf\">CEPF MED Small Grant_Final Budget Report_AMEPN_02- SE-BA<\/a><a href=\"https:\/\/amepn.ma\/wp-content\/uploads\/2025\/06\/CEPF-MED-Small-Grant_Final-Budget-Report_AMEPN_02-SE-BA.pdf\" class=\"wp-block-file__button wp-element-button\" download aria-describedby=\"wp-block-file--media-2447de02-2111-4884-9e67-b86e5f47df12\">T\u00e9l\u00e9charger<\/a><\/div>\n\n\n\n<div class=\"wp-block-file\"><a id=\"wp-block-file--media-82eaaea7-faac-4a60-ab7a-a967c3d9bc08\" href=\"https:\/\/amepn.ma\/wp-content\/uploads\/2025\/06\/Close-out-letter-AMEPN-CEPF-113761.pdf\">Close out letter-AMEPN CEPF-113761<\/a><a href=\"https:\/\/amepn.ma\/wp-content\/uploads\/2025\/06\/Close-out-letter-AMEPN-CEPF-113761.pdf\" class=\"wp-block-file__button wp-element-button\" download aria-describedby=\"wp-block-file--media-82eaaea7-faac-4a60-ab7a-a967c3d9bc08\">T\u00e9l\u00e9charger<\/a><\/div>\n\n\n\n<p class=\"has-text-align-center has-black-color has-pale-cyan-blue-background-color has-text-color has-background has-link-color has-small-font-size wp-elements-74284bf7e1fc606ca0bd3a066c9cfc7b\"><strong>Bilan financier du projet AMEPN CEPF 110208<\/strong> :<strong> 2020 &#8211; 2022<\/strong><\/p>\n\n\n\n<div class=\"wp-block-file\"><a id=\"wp-block-file--media-eb954011-b147-4281-a0a5-5b92e3dfa025\" href=\"https:\/\/amepn.ma\/wp-content\/uploads\/2024\/01\/Detail_depenses_\u064eCEPF110208.pdf\">Detail_depenses_\u064eCEPF110208<\/a><a href=\"https:\/\/amepn.ma\/wp-content\/uploads\/2024\/01\/Detail_depenses_\u064eCEPF110208.pdf\" class=\"wp-block-file__button wp-element-button\" download aria-describedby=\"wp-block-file--media-eb954011-b147-4281-a0a5-5b92e3dfa025\">T\u00e9l\u00e9charger<\/a><\/div>\n\n\n\n<div class=\"wp-block-group\"><div class=\"wp-block-group__inner-container is-layout-constrained wp-block-group-is-layout-constrained\">\n<div class=\"wp-block-file\"><a id=\"wp-block-file--media-36861ae9-7253-43aa-8ccd-57d76e603481\" href=\"https:\/\/amepn.ma\/wp-content\/uploads\/2024\/01\/ClosingLetter_AMEPN_CEPF-110208.pdf\" target=\"_blank\" rel=\"noreferrer noopener\">Closing_Letter_AMEPN_CEPF-110208<\/a><a href=\"https:\/\/amepn.ma\/wp-content\/uploads\/2024\/01\/ClosingLetter_AMEPN_CEPF-110208.pdf\" class=\"wp-block-file__button wp-element-button\" download aria-describedby=\"wp-block-file--media-36861ae9-7253-43aa-8ccd-57d76e603481\">T\u00e9l\u00e9charger<\/a><\/div>\n<\/div><\/div>\n\n\n\n<p class=\"has-text-align-center has-black-color has-pale-cyan-blue-background-color has-text-color has-background has-link-color wp-elements-0028c2f386b4e601924e6e25078bfe16\"><strong>Bilan financier des activit\u00e9s 2019<\/strong><\/p>\n\n\n\n<div class=\"wp-block-file\"><a id=\"wp-block-file--media-c174a343-c4c6-40ef-89c2-c95e217104f0\" href=\"https:\/\/amepn.ma\/wp-content\/uploads\/2020\/07\/Bilan-financier-2019.pdf\">Bilan-financier-2019<\/a><a href=\"https:\/\/amepn.ma\/wp-content\/uploads\/2020\/07\/Bilan-financier-2019.pdf\" class=\"wp-block-file__button wp-element-button\" download aria-describedby=\"wp-block-file--media-c174a343-c4c6-40ef-89c2-c95e217104f0\">T\u00e9l\u00e9charger<\/a><\/div>\n\n\n\n<p class=\"has-text-align-center has-black-color has-pale-cyan-blue-background-color has-text-color has-background has-link-color wp-elements-1e45cc78e065f727fd0dbe5ff86f33ca\"><strong>Rapport d&rsquo;audit du projet Ifrane<\/strong> : 2013 &#8211; 2016<\/p>\n\n\n\n<div class=\"wp-block-file\"><a id=\"wp-block-file--media-12c194bc-1942-4f2e-a04e-a5833cf1bc4d\" href=\"https:\/\/amepn.ma\/wp-content\/uploads\/2020\/07\/Lettre-cl\u00f4ture-projet-CEPF_2016.pdf\">Lettre-cl\u00f4ture-projet-CEPF_2016<\/a><a href=\"https:\/\/amepn.ma\/wp-content\/uploads\/2020\/07\/Lettre-cl\u00f4ture-projet-CEPF_2016.pdf\" class=\"wp-block-file__button wp-element-button\" download aria-describedby=\"wp-block-file--media-12c194bc-1942-4f2e-a04e-a5833cf1bc4d\">T\u00e9l\u00e9charger<\/a><\/div>\n\n\n\n<div class=\"wp-block-file\"><a id=\"wp-block-file--media-b43573f2-9e84-4fb8-9662-499d50b271d2\" href=\"https:\/\/amepn.ma\/wp-content\/uploads\/2020\/07\/Rapport-Audit-AMEPN-2014_2015.pdf\">Rapport-Audit-AMEPN-2014_2015<\/a><a href=\"https:\/\/amepn.ma\/wp-content\/uploads\/2020\/07\/Rapport-Audit-AMEPN-2014_2015.pdf\" class=\"wp-block-file__button wp-element-button\" download aria-describedby=\"wp-block-file--media-b43573f2-9e84-4fb8-9662-499d50b271d2\">T\u00e9l\u00e9charger<\/a><\/div>\n\n\n\n<p class=\"has-text-align-center has-black-color has-pale-cyan-blue-background-color has-text-color has-background has-link-color wp-elements-30e08dbca3c9645dfac413598c51e643\"><strong>Rapport d&rsquo;audit du projet Ma\u00e2mora  : 2013<\/strong><\/p>\n\n\n\n<div class=\"wp-block-file\"><a id=\"wp-block-file--media-7e9700da-2e72-436d-b18d-f925853dc21b\" href=\"https:\/\/amepn.ma\/wp-content\/uploads\/2020\/07\/Rapport-Audit-Dep-Env-2013.pdf\">Rapport-Audit-Dep-Env-2013<\/a><a href=\"https:\/\/amepn.ma\/wp-content\/uploads\/2020\/07\/Rapport-Audit-Dep-Env-2013.pdf\" class=\"wp-block-file__button wp-element-button\" download aria-describedby=\"wp-block-file--media-7e9700da-2e72-436d-b18d-f925853dc21b\">T\u00e9l\u00e9charger<\/a><\/div>\n\n\n\n<p class=\"has-text-align-center has-black-color has-pale-cyan-blue-background-color has-text-color has-background has-link-color wp-elements-bd3683ff0f57dd9fc6fcaf847e3a0ad1\"><strong>Rapport d&rsquo;activit\u00e9s et bilan financier du projet INDH- Sal\u00e9 ville verte 2012<\/strong><\/p>\n\n\n\n<div class=\"wp-block-file\"><a id=\"wp-block-file--media-e939fcf0-4082-4192-8454-a165c9bbfbdb\" href=\"https:\/\/amepn.ma\/wp-content\/uploads\/2020\/07\/Rapport-activit\u00e9s-Sal\u00e9-ville-verte_2012.pdf\">Rapport-activit\u00e9s-Sal\u00e9-ville-verte_2012<\/a><a href=\"https:\/\/amepn.ma\/wp-content\/uploads\/2020\/07\/Rapport-activit\u00e9s-Sal\u00e9-ville-verte_2012.pdf\" class=\"wp-block-file__button wp-element-button\" download aria-describedby=\"wp-block-file--media-e939fcf0-4082-4192-8454-a165c9bbfbdb\">T\u00e9l\u00e9charger<\/a><\/div>\n\n\n\n<p class=\"has-text-align-center has-black-color has-pale-cyan-blue-background-color has-text-color has-background has-link-color wp-elements-d5790f434e1ca4223e92e39b87920d73\"><strong>Rapport d&rsquo;activit\u00e9s et bilan financier du projet AMEPN CGEM &#8211; 2009<\/strong><\/p>\n\n\n\n<div class=\"wp-block-file\"><a id=\"wp-block-file--media-781f5c49-ffa3-4643-b8a7-f24ee5319f43\" href=\"https:\/\/amepn.ma\/wp-content\/uploads\/2020\/07\/Rapport_activit\u00e9s_cgem_2009.pdf\">Rapport_activit\u00e9s_cgem_2009<\/a><a href=\"https:\/\/amepn.ma\/wp-content\/uploads\/2020\/07\/Rapport_activit\u00e9s_cgem_2009.pdf\" class=\"wp-block-file__button wp-element-button\" download aria-describedby=\"wp-block-file--media-781f5c49-ffa3-4643-b8a7-f24ee5319f43\">T\u00e9l\u00e9charger<\/a><\/div>\n\n\n\n<p><\/p>\n","protected":false},"excerpt":{"rendered":"<p>Dans cette rubrique nous publions les rapports d&rsquo;activit\u00e9s, les bilans financiers et les rapports d&rsquo;audits relatifs aux projets et aux actions r\u00e9alis\u00e9es par l&rsquo;AMEPN. Rapport final du projet : Vers la mise en place d\u2019un Observatoire pour la conservation des Zones Humides de la R\u00e9serve de Biosph\u00e8re du C\u00e8dre de l\u2019Atlas, Maroc : 2023 &#8211; 2024 Bilan financier du projet [&hellip;]<\/p>\n","protected":false},"author":2,"featured_media":0,"parent":0,"menu_order":0,"comment_status":"closed","ping_status":"closed","template":"","meta":{"_acf_changed":false,"footnotes":""},"class_list":["post-1879","page","type-page","status-publish","hentry"],"acf":[],"jetpack_sharing_enabled":true,"jetpack_likes_enabled":true,"_links":{"self":[{"href":"https:\/\/amepn.ma\/index.php?rest_route=\/wp\/v2\/pages\/1879","targetHints":{"allow":["GET"]}}],"collection":[{"href":"https:\/\/amepn.ma\/index.php?rest_route=\/wp\/v2\/pages"}],"about":[{"href":"https:\/\/amepn.ma\/index.php?rest_route=\/wp\/v2\/types\/page"}],"author":[{"embeddable":true,"href":"https:\/\/amepn.ma\/index.php?rest_route=\/wp\/v2\/users\/2"}],"replies":[{"embeddable":true,"href":"https:\/\/amepn.ma\/index.php?rest_route=%2Fwp%2Fv2%2Fcomments&post=1879"}],"version-history":[{"count":18,"href":"https:\/\/amepn.ma\/index.php?rest_route=\/wp\/v2\/pages\/1879\/revisions"}],"predecessor-version":[{"id":2895,"href":"https:\/\/amepn.ma\/index.php?rest_route=\/wp\/v2\/pages\/1879\/revisions\/2895"}],"wp:attachment":[{"href":"https:\/\/amepn.ma\/index.php?rest_route=%2Fwp%2Fv2%2Fmedia&parent=1879"}],"curies":[{"name":"wp","href":"https:\/\/api.w.org\/{rel}","templated":true}]}}