{"id":2,"date":"2020-03-20T15:43:54","date_gmt":"2020-03-20T14:43:54","guid":{"rendered":"https:\/\/amepn.ma\/?page_id=2"},"modified":"2024-01-12T11:11:46","modified_gmt":"2024-01-12T10:11:46","slug":"definition","status":"publish","type":"page","link":"https:\/\/amepn.ma\/?page_id=2","title":{"rendered":"Ecotourisme"},"content":{"rendered":"\n<p class=\"has-text-align-center has-text-color has-background\" style=\"color:#f4f6f7;background-color:#00a307;font-size:18px\"><strong>Ecotourisme : <\/strong>d\u00e9finition et conceptualisme<\/p>\n\n\n\n<p class=\"has-text-align-justify has-small-font-size\">L&rsquo;\u00c9cotourisme est d\u00e9finit comme une forme de tourisme qui repose essentiellement sur une relation harmonieuse entre le visiteur, le milieu naturel et l&rsquo;habitant local. Une relation bas\u00e9e sur les services partag\u00e9s, les contacts b\u00e9n\u00e9fiques et le respect mutuel. L&rsquo;Association Marocaine pour l&rsquo;Ecotourisme et la Protection de la Nature d\u00e9finie le concept d&rsquo;\u00e9cotourisme selon sa propre perception, de la mani\u00e8re suivante :<\/p>\n\n\n\n<figure class=\"wp-block-gallery has-nested-images columns-default is-cropped wp-block-gallery-1 is-layout-flex wp-block-gallery-is-layout-flex\">\n<figure class=\"wp-block-image\"><img loading=\"lazy\" decoding=\"async\" width=\"960\" height=\"720\" data-attachment-id=\"171\" data-permalink=\"https:\/\/amepn.ma\/?attachment_id=171\" data-orig-file=\"https:\/\/amepn.ma\/wp-content\/uploads\/2020\/03\/Ecotourisme_fr.png\" data-orig-size=\"960,720\" data-comments-opened=\"1\" data-image-meta=\"{&quot;aperture&quot;:&quot;0&quot;,&quot;credit&quot;:&quot;&quot;,&quot;camera&quot;:&quot;&quot;,&quot;caption&quot;:&quot;&quot;,&quot;created_timestamp&quot;:&quot;0&quot;,&quot;copyright&quot;:&quot;&quot;,&quot;focal_length&quot;:&quot;0&quot;,&quot;iso&quot;:&quot;0&quot;,&quot;shutter_speed&quot;:&quot;0&quot;,&quot;title&quot;:&quot;&quot;,&quot;orientation&quot;:&quot;0&quot;}\" data-image-title=\"Ecotourisme_fr\" data-image-description=\"\" data-image-caption=\"\" data-medium-file=\"https:\/\/amepn.ma\/wp-content\/uploads\/2020\/03\/Ecotourisme_fr-300x225.png\" data-large-file=\"https:\/\/amepn.ma\/wp-content\/uploads\/2020\/03\/Ecotourisme_fr.png\" data-id=\"171\" src=\"https:\/\/amepn.ma\/wp-content\/uploads\/2020\/03\/Ecotourisme_fr.png\" alt=\"\" class=\"wp-image-171\" srcset=\"https:\/\/amepn.ma\/wp-content\/uploads\/2020\/03\/Ecotourisme_fr.png 960w, https:\/\/amepn.ma\/wp-content\/uploads\/2020\/03\/Ecotourisme_fr-300x225.png 300w, https:\/\/amepn.ma\/wp-content\/uploads\/2020\/03\/Ecotourisme_fr-768x576.png 768w\" sizes=\"auto, (max-width: 960px) 100vw, 960px\" \/><figcaption class=\"wp-element-caption\">sch\u00e9ma et d\u00e9finition propre \u00e0 l&rsquo;AMEPN <\/figcaption><\/figure>\n<\/figure>\n\n\n\n<p class=\"has-small-font-size\">Voir l&rsquo;animation de la d\u00e9finition sur la vid\u00e9o  suivante <\/p>\n\n\n\n<figure class=\"wp-block-embed aligncenter is-type-video is-provider-youtube wp-block-embed-youtube wp-embed-aspect-4-3 wp-has-aspect-ratio\"><div class=\"wp-block-embed__wrapper\">\n<div class=\"jetpack-video-wrapper\"><iframe loading=\"lazy\" title=\"Ecotourisme, quelle d\u00e9finition ?\" width=\"640\" height=\"480\" src=\"https:\/\/www.youtube.com\/embed\/Wled7qXOuLc?feature=oembed\" frameborder=\"0\" allow=\"accelerometer; autoplay; clipboard-write; encrypted-media; gyroscope; picture-in-picture; web-share\" referrerpolicy=\"strict-origin-when-cross-origin\" allowfullscreen><\/iframe><\/div>\n<\/div><\/figure>\n\n\n\n<p><\/p>\n","protected":false},"excerpt":{"rendered":"<p>Ecotourisme : d\u00e9finition et conceptualisme L&rsquo;\u00c9cotourisme est d\u00e9finit comme une forme de tourisme qui repose essentiellement sur une relation harmonieuse entre le visiteur, le milieu naturel et l&rsquo;habitant local. Une relation bas\u00e9e sur les services partag\u00e9s, les contacts b\u00e9n\u00e9fiques et le respect mutuel. L&rsquo;Association Marocaine pour l&rsquo;Ecotourisme et la Protection de la Nature d\u00e9finie le concept d&rsquo;\u00e9cotourisme selon sa propre [&hellip;]<\/p>\n","protected":false},"author":1,"featured_media":0,"parent":110,"menu_order":0,"comment_status":"closed","ping_status":"open","template":"","meta":{"_acf_changed":false,"footnotes":""},"class_list":["post-2","page","type-page","status-publish","hentry"],"acf":[],"jetpack_sharing_enabled":true,"jetpack_likes_enabled":true,"_links":{"self":[{"href":"https:\/\/amepn.ma\/index.php?rest_route=\/wp\/v2\/pages\/2","targetHints":{"allow":["GET"]}}],"collection":[{"href":"https:\/\/amepn.ma\/index.php?rest_route=\/wp\/v2\/pages"}],"about":[{"href":"https:\/\/amepn.ma\/index.php?rest_route=\/wp\/v2\/types\/page"}],"author":[{"embeddable":true,"href":"https:\/\/amepn.ma\/index.php?rest_route=\/wp\/v2\/users\/1"}],"replies":[{"embeddable":true,"href":"https:\/\/amepn.ma\/index.php?rest_route=%2Fwp%2Fv2%2Fcomments&post=2"}],"version-history":[{"count":29,"href":"https:\/\/amepn.ma\/index.php?rest_route=\/wp\/v2\/pages\/2\/revisions"}],"predecessor-version":[{"id":2550,"href":"https:\/\/amepn.ma\/index.php?rest_route=\/wp\/v2\/pages\/2\/revisions\/2550"}],"up":[{"embeddable":true,"href":"https:\/\/amepn.ma\/index.php?rest_route=\/wp\/v2\/pages\/110"}],"wp:attachment":[{"href":"https:\/\/amepn.ma\/index.php?rest_route=%2Fwp%2Fv2%2Fmedia&parent=2"}],"curies":[{"name":"wp","href":"https:\/\/api.w.org\/{rel}","templated":true}]}}