{"id":229,"date":"2020-03-28T18:34:16","date_gmt":"2020-03-28T17:34:16","guid":{"rendered":"https:\/\/amepn.ma\/?page_id=229"},"modified":"2020-12-04T17:26:09","modified_gmt":"2020-12-04T16:26:09","slug":"talassemtane","status":"publish","type":"page","link":"https:\/\/amepn.ma\/?page_id=229","title":{"rendered":"Talassemtane"},"content":{"rendered":"\n<p style=\"background-color:#6ceb71\" class=\"has-background has-medium-font-size\"><strong>Le Parc National de Talassemtane<\/strong><\/p>\n\n\n\n<div class=\"wp-block-image\"><figure class=\"aligncenter size-large is-resized\"><img loading=\"lazy\" decoding=\"async\" data-attachment-id=\"2118\" data-permalink=\"https:\/\/amepn.ma\/?attachment_id=2118\" data-orig-file=\"https:\/\/amepn.ma\/wp-content\/uploads\/2020\/12\/Logo-TLS.png\" data-orig-size=\"440,424\" data-comments-opened=\"1\" data-image-meta=\"{&quot;aperture&quot;:&quot;0&quot;,&quot;credit&quot;:&quot;&quot;,&quot;camera&quot;:&quot;&quot;,&quot;caption&quot;:&quot;&quot;,&quot;created_timestamp&quot;:&quot;0&quot;,&quot;copyright&quot;:&quot;&quot;,&quot;focal_length&quot;:&quot;0&quot;,&quot;iso&quot;:&quot;0&quot;,&quot;shutter_speed&quot;:&quot;0&quot;,&quot;title&quot;:&quot;&quot;,&quot;orientation&quot;:&quot;0&quot;}\" data-image-title=\"Logo TLS\" data-image-description=\"\" data-image-caption=\"\" data-medium-file=\"https:\/\/amepn.ma\/wp-content\/uploads\/2020\/12\/Logo-TLS-300x289.png\" data-large-file=\"https:\/\/amepn.ma\/wp-content\/uploads\/2020\/12\/Logo-TLS.png\" src=\"https:\/\/amepn.ma\/wp-content\/uploads\/2020\/12\/Logo-TLS.png\" alt=\"\" class=\"wp-image-2118\" width=\"269\" height=\"259\" srcset=\"https:\/\/amepn.ma\/wp-content\/uploads\/2020\/12\/Logo-TLS.png 440w, https:\/\/amepn.ma\/wp-content\/uploads\/2020\/12\/Logo-TLS-300x289.png 300w\" sizes=\"auto, (max-width: 269px) 100vw, 269px\" \/><\/figure><\/div>\n\n\n\n<div class=\"wp-block-media-text alignwide is-stacked-on-mobile\" style=\"grid-template-columns:46% auto\"><figure class=\"wp-block-media-text__media\"><img loading=\"lazy\" decoding=\"async\" width=\"605\" height=\"588\" data-attachment-id=\"2108\" data-permalink=\"https:\/\/amepn.ma\/?attachment_id=2108\" data-orig-file=\"https:\/\/amepn.ma\/wp-content\/uploads\/2020\/12\/talassemtane-1.png\" data-orig-size=\"605,588\" data-comments-opened=\"1\" data-image-meta=\"{&quot;aperture&quot;:&quot;0&quot;,&quot;credit&quot;:&quot;&quot;,&quot;camera&quot;:&quot;&quot;,&quot;caption&quot;:&quot;&quot;,&quot;created_timestamp&quot;:&quot;0&quot;,&quot;copyright&quot;:&quot;&quot;,&quot;focal_length&quot;:&quot;0&quot;,&quot;iso&quot;:&quot;0&quot;,&quot;shutter_speed&quot;:&quot;0&quot;,&quot;title&quot;:&quot;&quot;,&quot;orientation&quot;:&quot;0&quot;}\" data-image-title=\"talassemtane-1\" data-image-description=\"\" data-image-caption=\"\" data-medium-file=\"https:\/\/amepn.ma\/wp-content\/uploads\/2020\/12\/talassemtane-1-300x292.png\" data-large-file=\"https:\/\/amepn.ma\/wp-content\/uploads\/2020\/12\/talassemtane-1.png\" src=\"https:\/\/amepn.ma\/wp-content\/uploads\/2020\/12\/talassemtane-1.png\" alt=\"\" class=\"wp-image-2108\" srcset=\"https:\/\/amepn.ma\/wp-content\/uploads\/2020\/12\/talassemtane-1.png 605w, https:\/\/amepn.ma\/wp-content\/uploads\/2020\/12\/talassemtane-1-300x292.png 300w\" sizes=\"auto, (max-width: 605px) 100vw, 605px\" \/><\/figure><div class=\"wp-block-media-text__content\">\n<p class=\"has-text-align-justify has-normal-font-size\">Situ\u00e9 au Nord du Royaume du Maroc, le parc national de Talassemtane, qui a \u00e9t\u00e9 cr\u00e9\u00e9 le 8 octobre 2004, s\u2019\u00e9tend sur une superficie de 58\u00a0950 ha. Le site o\u00f9 il se trouve a fait son entr\u00e9e dans la liste indicative du patrimoine naturel mondial de l\u2019UNESCO six ans auparavant le 12 octobre 1998. Le parc \u00ab\u00a0couvre l&rsquo;extr\u00e9mit\u00e9 orientale de la dorsale calcaire qui fa\u00e7onne la plus grande partie du massif montagneux du Rif\u00a0\u00bb. Il fait aussi parti du territoire de la R\u00e9serve de Biosph\u00e8re Intercontinentale de la M\u00e9diterran\u00e9e (RBIM) depuis 2006.<\/p>\n\n\n\n<p style=\"font-size:12px\">R\u00e9f\u00a0: <a href=\"https:\/\/www.researchgate.net\/profile\/Yousra_Benyahia2\/publication\/316158135\/figure\/fig1\/AS:483818994966528@1492362845225\/Map-of-Morocco-showing-the-location-of-Talassemtane-National-Park-The-green-cropped-area.png\">https:\/\/www.researchgate.net\/profile\/Yousra_Benyahia2\/publication\/316158135\/figure\/fig1\/AS:483818994966528@1492362845225\/Map-of-Morocco-showing-the-location-of-Talassemtane-National-Park-The-green-cropped-area.png<\/a><\/p>\n<\/div><\/div>\n\n\n\n<p style=\"background-color:#88cdeb\" class=\"has-background\"><strong>Un territoire original regorgeant des esp\u00e8ces end\u00e9miques et rares<\/strong><\/p>\n\n\n\n<p style=\"font-size:15px\" class=\"has-text-align-justify\">Le parc national de Talassemtane \u00ab\u00a0est l\u2019entit\u00e9 \u00e9cologique la plus originale de la cha\u00eene Rifaine et du Maroc en g\u00e9n\u00e9ral.\u00a0\u00bb Le site du parc abrite une biodiversit\u00e9 remarquable avec 1380 esp\u00e8ces diff\u00e9rentes, dont 190 86 esp\u00e8ces end\u00e9miques du Parc, 65 esp\u00e8ces rares, 81 esp\u00e8ces tr\u00e8s rares et 9 esp\u00e8ces extr\u00eamement rares. Il rec\u00e8le les seules sapini\u00e8res marocaines, derniers t\u00e9moins d&rsquo;un \u00e9cosyst\u00e8me unique sur le plan mondial et aujourd&rsquo;hui en danger. On y trouve aussi plus de 239 esp\u00e8ces v\u00e9g\u00e9tales dont un grand nombre d&rsquo;end\u00e9miques comme le c\u00e8dre de l&rsquo;Atlas et le pin noir. Le parc constitue aussi un refuge pour plus de 37 esp\u00e8ces de mammif\u00e8res dont la plus connue est le singe magot qui s&rsquo;abrite dans les grottes. Plus de 117 esp\u00e8ces d&rsquo;oiseaux y ont \u00e9t\u00e9 d\u00e9nombr\u00e9es, dont les plus spectaculaires sont le gypa\u00e8te barbu et l&rsquo;aigle royal .<\/p>\n\n\n\n<p style=\"background-color:#92f296\" class=\"has-background\"><strong>Un spectacle naturel d\u2019une beaut\u00e9 hors du commun<\/strong><\/p>\n\n\n\n<p style=\"font-size:15px\" class=\"has-text-align-justify\">Le paysage naturel de Talassemtane est tr\u00e8s accident\u00e9 et tr\u00e8s vari\u00e9. On y trouve des pics de montagnes calcaires, des falaises majestueux, des gorges, des grottes, etc. \u00c0 ces formations naturelles d\u2019une beaut\u00e9 saisissante, vient s\u2019ajouter des sommets des montagnes en d\u00f4mes ou en pics surplombant la tr\u00e8s c\u00e9l\u00e8bre ville touristique de Chefchaouen (surnomm\u00e9e la ville bleue).<\/p>\n\n\n\n<figure class=\"wp-block-gallery columns-3 is-cropped wp-block-gallery-1 is-layout-flex wp-block-gallery-is-layout-flex\"><ul class=\"blocks-gallery-grid\"><li class=\"blocks-gallery-item\"><figure><img loading=\"lazy\" decoding=\"async\" width=\"539\" height=\"403\" data-attachment-id=\"2110\" data-permalink=\"https:\/\/amepn.ma\/?attachment_id=2110\" data-orig-file=\"https:\/\/amepn.ma\/wp-content\/uploads\/2020\/12\/talassemtane-3.jpg\" data-orig-size=\"539,403\" data-comments-opened=\"1\" data-image-meta=\"{&quot;aperture&quot;:&quot;0&quot;,&quot;credit&quot;:&quot;&quot;,&quot;camera&quot;:&quot;&quot;,&quot;caption&quot;:&quot;&quot;,&quot;created_timestamp&quot;:&quot;0&quot;,&quot;copyright&quot;:&quot;&quot;,&quot;focal_length&quot;:&quot;0&quot;,&quot;iso&quot;:&quot;0&quot;,&quot;shutter_speed&quot;:&quot;0&quot;,&quot;title&quot;:&quot;&quot;,&quot;orientation&quot;:&quot;0&quot;}\" data-image-title=\"talassemtane-3\" data-image-description=\"\" data-image-caption=\"\" data-medium-file=\"https:\/\/amepn.ma\/wp-content\/uploads\/2020\/12\/talassemtane-3-300x224.jpg\" data-large-file=\"https:\/\/amepn.ma\/wp-content\/uploads\/2020\/12\/talassemtane-3.jpg\" src=\"https:\/\/amepn.ma\/wp-content\/uploads\/2020\/12\/talassemtane-3.jpg\" alt=\"\" data-id=\"2110\" data-full-url=\"https:\/\/amepn.ma\/wp-content\/uploads\/2020\/12\/talassemtane-3.jpg\" data-link=\"https:\/\/amepn.ma\/talassemtane\/talassemtane-3\/\" class=\"wp-image-2110\" srcset=\"https:\/\/amepn.ma\/wp-content\/uploads\/2020\/12\/talassemtane-3.jpg 539w, https:\/\/amepn.ma\/wp-content\/uploads\/2020\/12\/talassemtane-3-300x224.jpg 300w\" sizes=\"auto, (max-width: 539px) 100vw, 539px\" \/><\/figure><\/li><li class=\"blocks-gallery-item\"><figure><img loading=\"lazy\" decoding=\"async\" width=\"605\" height=\"310\" data-attachment-id=\"2112\" data-permalink=\"https:\/\/amepn.ma\/?attachment_id=2112\" data-orig-file=\"https:\/\/amepn.ma\/wp-content\/uploads\/2020\/12\/Talassemtane2.jpg\" data-orig-size=\"605,310\" data-comments-opened=\"1\" data-image-meta=\"{&quot;aperture&quot;:&quot;0&quot;,&quot;credit&quot;:&quot;&quot;,&quot;camera&quot;:&quot;&quot;,&quot;caption&quot;:&quot;&quot;,&quot;created_timestamp&quot;:&quot;0&quot;,&quot;copyright&quot;:&quot;&quot;,&quot;focal_length&quot;:&quot;0&quot;,&quot;iso&quot;:&quot;0&quot;,&quot;shutter_speed&quot;:&quot;0&quot;,&quot;title&quot;:&quot;&quot;,&quot;orientation&quot;:&quot;0&quot;}\" data-image-title=\"Talassemtane2\" data-image-description=\"\" data-image-caption=\"\" data-medium-file=\"https:\/\/amepn.ma\/wp-content\/uploads\/2020\/12\/Talassemtane2-300x154.jpg\" data-large-file=\"https:\/\/amepn.ma\/wp-content\/uploads\/2020\/12\/Talassemtane2.jpg\" src=\"https:\/\/amepn.ma\/wp-content\/uploads\/2020\/12\/Talassemtane2.jpg\" alt=\"\" data-id=\"2112\" data-full-url=\"https:\/\/amepn.ma\/wp-content\/uploads\/2020\/12\/Talassemtane2.jpg\" data-link=\"https:\/\/amepn.ma\/talassemtane\/talassemtane2\/\" class=\"wp-image-2112\" srcset=\"https:\/\/amepn.ma\/wp-content\/uploads\/2020\/12\/Talassemtane2.jpg 605w, https:\/\/amepn.ma\/wp-content\/uploads\/2020\/12\/Talassemtane2-300x154.jpg 300w\" sizes=\"auto, (max-width: 605px) 100vw, 605px\" \/><\/figure><\/li><li class=\"blocks-gallery-item\"><figure><img loading=\"lazy\" decoding=\"async\" width=\"542\" height=\"407\" data-attachment-id=\"2113\" data-permalink=\"https:\/\/amepn.ma\/?attachment_id=2113\" data-orig-file=\"https:\/\/amepn.ma\/wp-content\/uploads\/2020\/12\/talassemtane4.jpg\" data-orig-size=\"542,407\" data-comments-opened=\"1\" data-image-meta=\"{&quot;aperture&quot;:&quot;0&quot;,&quot;credit&quot;:&quot;&quot;,&quot;camera&quot;:&quot;&quot;,&quot;caption&quot;:&quot;&quot;,&quot;created_timestamp&quot;:&quot;0&quot;,&quot;copyright&quot;:&quot;&quot;,&quot;focal_length&quot;:&quot;0&quot;,&quot;iso&quot;:&quot;0&quot;,&quot;shutter_speed&quot;:&quot;0&quot;,&quot;title&quot;:&quot;&quot;,&quot;orientation&quot;:&quot;0&quot;}\" data-image-title=\"talassemtane4\" data-image-description=\"\" data-image-caption=\"\" data-medium-file=\"https:\/\/amepn.ma\/wp-content\/uploads\/2020\/12\/talassemtane4-300x225.jpg\" data-large-file=\"https:\/\/amepn.ma\/wp-content\/uploads\/2020\/12\/talassemtane4.jpg\" src=\"https:\/\/amepn.ma\/wp-content\/uploads\/2020\/12\/talassemtane4.jpg\" alt=\"\" data-id=\"2113\" data-full-url=\"https:\/\/amepn.ma\/wp-content\/uploads\/2020\/12\/talassemtane4.jpg\" data-link=\"https:\/\/amepn.ma\/talassemtane\/talassemtane4\/\" class=\"wp-image-2113\" srcset=\"https:\/\/amepn.ma\/wp-content\/uploads\/2020\/12\/talassemtane4.jpg 542w, https:\/\/amepn.ma\/wp-content\/uploads\/2020\/12\/talassemtane4-300x225.jpg 300w\" sizes=\"auto, (max-width: 542px) 100vw, 542px\" \/><\/figure><\/li><\/ul><\/figure>\n\n\n\n<p style=\"background-color:#55efc1\" class=\"has-background\"><strong>Visite \u00e9cotouristique dans le parc national de Talassemtane<\/strong><\/p>\n\n\n\n<p style=\"font-size:15px\" class=\"has-text-align-justify\">Visiter le parc national de Talassemtane, c\u2019est se donner la chance d\u2019\u00eatre en contact avec un petit coin du paradis qui vous mette plein la vue avec sa beaut\u00e9 naturelle et qui vous offre tranquillit\u00e9 et qui\u00e9tude. Se laisser perdre dans cet espace prot\u00e9g\u00e9 c\u2019est aussi aller \u00e0 la d\u00e9couverte des esp\u00e8ces faunistiques et floristiques tr\u00e8s rare et parfois uniques. Vous pouvez pratiquer la randonn\u00e9e \u00e9questre ou p\u00e9destre, demander \u00e0 \u00eatre guid\u00e9 ou non. Vous pouvez aussi croiser des indig\u00e8nes qui vous feront d\u00e9couvrir la culture et les traditions locales.<\/p>\n\n\n\n<figure class=\"wp-block-gallery columns-3 is-cropped wp-block-gallery-2 is-layout-flex wp-block-gallery-is-layout-flex\"><ul class=\"blocks-gallery-grid\"><li class=\"blocks-gallery-item\"><figure><img loading=\"lazy\" decoding=\"async\" width=\"1024\" height=\"768\" data-attachment-id=\"2115\" data-permalink=\"https:\/\/amepn.ma\/?attachment_id=2115\" data-orig-file=\"https:\/\/amepn.ma\/wp-content\/uploads\/2020\/12\/Image6.jpg\" data-orig-size=\"1031,773\" data-comments-opened=\"1\" data-image-meta=\"{&quot;aperture&quot;:&quot;0&quot;,&quot;credit&quot;:&quot;&quot;,&quot;camera&quot;:&quot;&quot;,&quot;caption&quot;:&quot;&quot;,&quot;created_timestamp&quot;:&quot;0&quot;,&quot;copyright&quot;:&quot;&quot;,&quot;focal_length&quot;:&quot;0&quot;,&quot;iso&quot;:&quot;0&quot;,&quot;shutter_speed&quot;:&quot;0&quot;,&quot;title&quot;:&quot;&quot;,&quot;orientation&quot;:&quot;0&quot;}\" data-image-title=\"Image6\" data-image-description=\"\" data-image-caption=\"\" data-medium-file=\"https:\/\/amepn.ma\/wp-content\/uploads\/2020\/12\/Image6-300x225.jpg\" data-large-file=\"https:\/\/amepn.ma\/wp-content\/uploads\/2020\/12\/Image6-1024x768.jpg\" src=\"https:\/\/amepn.ma\/wp-content\/uploads\/2020\/12\/Image6-1024x768.jpg\" alt=\"\" data-id=\"2115\" data-full-url=\"https:\/\/amepn.ma\/wp-content\/uploads\/2020\/12\/Image6.jpg\" data-link=\"https:\/\/amepn.ma\/talassemtane\/image6-4\/\" class=\"wp-image-2115\" srcset=\"https:\/\/amepn.ma\/wp-content\/uploads\/2020\/12\/Image6-1024x768.jpg 1024w, https:\/\/amepn.ma\/wp-content\/uploads\/2020\/12\/Image6-300x225.jpg 300w, https:\/\/amepn.ma\/wp-content\/uploads\/2020\/12\/Image6-768x576.jpg 768w, https:\/\/amepn.ma\/wp-content\/uploads\/2020\/12\/Image6.jpg 1031w\" sizes=\"auto, (max-width: 1024px) 100vw, 1024px\" \/><figcaption class=\"blocks-gallery-item__caption\">c\u00e8dre de l&rsquo;Atlas<\/figcaption><\/figure><\/li><li class=\"blocks-gallery-item\"><figure><img loading=\"lazy\" decoding=\"async\" width=\"430\" height=\"352\" data-attachment-id=\"2114\" data-permalink=\"https:\/\/amepn.ma\/?attachment_id=2114\" data-orig-file=\"https:\/\/amepn.ma\/wp-content\/uploads\/2020\/12\/Image5.jpg\" data-orig-size=\"430,352\" data-comments-opened=\"1\" data-image-meta=\"{&quot;aperture&quot;:&quot;0&quot;,&quot;credit&quot;:&quot;&quot;,&quot;camera&quot;:&quot;&quot;,&quot;caption&quot;:&quot;&quot;,&quot;created_timestamp&quot;:&quot;0&quot;,&quot;copyright&quot;:&quot;&quot;,&quot;focal_length&quot;:&quot;0&quot;,&quot;iso&quot;:&quot;0&quot;,&quot;shutter_speed&quot;:&quot;0&quot;,&quot;title&quot;:&quot;&quot;,&quot;orientation&quot;:&quot;0&quot;}\" data-image-title=\"Image5\" data-image-description=\"\" data-image-caption=\"\" data-medium-file=\"https:\/\/amepn.ma\/wp-content\/uploads\/2020\/12\/Image5-300x246.jpg\" data-large-file=\"https:\/\/amepn.ma\/wp-content\/uploads\/2020\/12\/Image5.jpg\" src=\"https:\/\/amepn.ma\/wp-content\/uploads\/2020\/12\/Image5.jpg\" alt=\"\" data-id=\"2114\" data-full-url=\"https:\/\/amepn.ma\/wp-content\/uploads\/2020\/12\/Image5.jpg\" data-link=\"https:\/\/amepn.ma\/talassemtane\/image5-4\/\" class=\"wp-image-2114\" srcset=\"https:\/\/amepn.ma\/wp-content\/uploads\/2020\/12\/Image5.jpg 430w, https:\/\/amepn.ma\/wp-content\/uploads\/2020\/12\/Image5-300x246.jpg 300w\" sizes=\"auto, (max-width: 430px) 100vw, 430px\" \/><figcaption class=\"blocks-gallery-item__caption\">sapin du Maroc<\/figcaption><\/figure><\/li><li class=\"blocks-gallery-item\"><figure><img loading=\"lazy\" decoding=\"async\" width=\"520\" height=\"295\" data-attachment-id=\"2116\" data-permalink=\"https:\/\/amepn.ma\/?attachment_id=2116\" data-orig-file=\"https:\/\/amepn.ma\/wp-content\/uploads\/2020\/12\/Image7.jpg\" data-orig-size=\"520,295\" data-comments-opened=\"1\" data-image-meta=\"{&quot;aperture&quot;:&quot;0&quot;,&quot;credit&quot;:&quot;&quot;,&quot;camera&quot;:&quot;&quot;,&quot;caption&quot;:&quot;&quot;,&quot;created_timestamp&quot;:&quot;0&quot;,&quot;copyright&quot;:&quot;&quot;,&quot;focal_length&quot;:&quot;0&quot;,&quot;iso&quot;:&quot;0&quot;,&quot;shutter_speed&quot;:&quot;0&quot;,&quot;title&quot;:&quot;&quot;,&quot;orientation&quot;:&quot;0&quot;}\" data-image-title=\"Image7\" data-image-description=\"\" data-image-caption=\"\" data-medium-file=\"https:\/\/amepn.ma\/wp-content\/uploads\/2020\/12\/Image7-300x170.jpg\" data-large-file=\"https:\/\/amepn.ma\/wp-content\/uploads\/2020\/12\/Image7.jpg\" src=\"https:\/\/amepn.ma\/wp-content\/uploads\/2020\/12\/Image7.jpg\" alt=\"\" data-id=\"2116\" data-full-url=\"https:\/\/amepn.ma\/wp-content\/uploads\/2020\/12\/Image7.jpg\" data-link=\"https:\/\/amepn.ma\/talassemtane\/image7-3\/\" class=\"wp-image-2116\" srcset=\"https:\/\/amepn.ma\/wp-content\/uploads\/2020\/12\/Image7.jpg 520w, https:\/\/amepn.ma\/wp-content\/uploads\/2020\/12\/Image7-300x170.jpg 300w\" sizes=\"auto, (max-width: 520px) 100vw, 520px\" \/><figcaption class=\"blocks-gallery-item__caption\">singe de l&rsquo;Atlas<\/figcaption><\/figure><\/li><li class=\"blocks-gallery-item\"><figure><img loading=\"lazy\" decoding=\"async\" width=\"491\" height=\"403\" data-attachment-id=\"2117\" data-permalink=\"https:\/\/amepn.ma\/?attachment_id=2117\" data-orig-file=\"https:\/\/amepn.ma\/wp-content\/uploads\/2020\/12\/Image8.jpg\" data-orig-size=\"491,403\" data-comments-opened=\"1\" data-image-meta=\"{&quot;aperture&quot;:&quot;0&quot;,&quot;credit&quot;:&quot;&quot;,&quot;camera&quot;:&quot;&quot;,&quot;caption&quot;:&quot;&quot;,&quot;created_timestamp&quot;:&quot;0&quot;,&quot;copyright&quot;:&quot;&quot;,&quot;focal_length&quot;:&quot;0&quot;,&quot;iso&quot;:&quot;0&quot;,&quot;shutter_speed&quot;:&quot;0&quot;,&quot;title&quot;:&quot;&quot;,&quot;orientation&quot;:&quot;0&quot;}\" data-image-title=\"Image8\" data-image-description=\"\" data-image-caption=\"\" data-medium-file=\"https:\/\/amepn.ma\/wp-content\/uploads\/2020\/12\/Image8-300x246.jpg\" data-large-file=\"https:\/\/amepn.ma\/wp-content\/uploads\/2020\/12\/Image8.jpg\" src=\"https:\/\/amepn.ma\/wp-content\/uploads\/2020\/12\/Image8.jpg\" alt=\"\" data-id=\"2117\" data-full-url=\"https:\/\/amepn.ma\/wp-content\/uploads\/2020\/12\/Image8.jpg\" data-link=\"https:\/\/amepn.ma\/talassemtane\/image8-2\/\" class=\"wp-image-2117\" srcset=\"https:\/\/amepn.ma\/wp-content\/uploads\/2020\/12\/Image8.jpg 491w, https:\/\/amepn.ma\/wp-content\/uploads\/2020\/12\/Image8-300x246.jpg 300w\" sizes=\"auto, (max-width: 491px) 100vw, 491px\" \/><figcaption class=\"blocks-gallery-item__caption\">Loutre<\/figcaption><\/figure><\/li><\/ul><\/figure>\n","protected":false},"excerpt":{"rendered":"<p>Le Parc National de Talassemtane Situ\u00e9 au Nord du Royaume du Maroc, le parc national de Talassemtane, qui a \u00e9t\u00e9 cr\u00e9\u00e9 le 8 octobre 2004, s\u2019\u00e9tend sur une superficie de 58\u00a0950 ha. Le site o\u00f9 il se trouve a fait son entr\u00e9e dans la liste indicative du patrimoine naturel mondial de l\u2019UNESCO six ans auparavant le 12 octobre 1998. Le [&hellip;]<\/p>\n","protected":false},"author":2,"featured_media":0,"parent":0,"menu_order":0,"comment_status":"closed","ping_status":"closed","template":"","meta":{"_acf_changed":false,"footnotes":""},"class_list":["post-229","page","type-page","status-publish","hentry"],"acf":[],"jetpack_sharing_enabled":true,"jetpack_likes_enabled":true,"_links":{"self":[{"href":"https:\/\/amepn.ma\/index.php?rest_route=\/wp\/v2\/pages\/229","targetHints":{"allow":["GET"]}}],"collection":[{"href":"https:\/\/amepn.ma\/index.php?rest_route=\/wp\/v2\/pages"}],"about":[{"href":"https:\/\/amepn.ma\/index.php?rest_route=\/wp\/v2\/types\/page"}],"author":[{"embeddable":true,"href":"https:\/\/amepn.ma\/index.php?rest_route=\/wp\/v2\/users\/2"}],"replies":[{"embeddable":true,"href":"https:\/\/amepn.ma\/index.php?rest_route=%2Fwp%2Fv2%2Fcomments&post=229"}],"version-history":[{"count":3,"href":"https:\/\/amepn.ma\/index.php?rest_route=\/wp\/v2\/pages\/229\/revisions"}],"predecessor-version":[{"id":2119,"href":"https:\/\/amepn.ma\/index.php?rest_route=\/wp\/v2\/pages\/229\/revisions\/2119"}],"wp:attachment":[{"href":"https:\/\/amepn.ma\/index.php?rest_route=%2Fwp%2Fv2%2Fmedia&parent=229"}],"curies":[{"name":"wp","href":"https:\/\/api.w.org\/{rel}","templated":true}]}}