{"id":2718,"date":"2024-01-12T10:09:23","date_gmt":"2024-01-12T09:09:23","guid":{"rendered":"https:\/\/amepn.ma\/?page_id=2718"},"modified":"2026-03-15T17:30:07","modified_gmt":"2026-03-15T16:30:07","slug":"test","status":"publish","type":"page","link":"https:\/\/amepn.ma\/?page_id=2718","title":{"rendered":"Parc Naturel Marin d&rsquo;Alboran"},"content":{"rendered":"\n<p class=\"has-small-font-size\">Le Parc Naturel marin d&rsquo;Al Boran est cr\u00e9\u00e9 sur une superficie de 300 km2 sur le territoire de la r\u00e9gion de Tanger-T\u00e9touan-Al Hoceima entre Asma et Amtar. Soit une superficie de 30.000 hectares.<\/p>\n\n\n<div class=\"wp-block-image\">\n<figure class=\"aligncenter size-large is-resized\"><img loading=\"lazy\" decoding=\"async\" width=\"1024\" height=\"877\" data-attachment-id=\"2862\" data-permalink=\"https:\/\/amepn.ma\/?attachment_id=2862\" data-orig-file=\"https:\/\/amepn.ma\/wp-content\/uploads\/2025\/03\/IMG_1127.jpg\" data-orig-size=\"1473,1262\" data-comments-opened=\"1\" data-image-meta=\"{&quot;aperture&quot;:&quot;0&quot;,&quot;credit&quot;:&quot;&quot;,&quot;camera&quot;:&quot;&quot;,&quot;caption&quot;:&quot;&quot;,&quot;created_timestamp&quot;:&quot;0&quot;,&quot;copyright&quot;:&quot;&quot;,&quot;focal_length&quot;:&quot;0&quot;,&quot;iso&quot;:&quot;0&quot;,&quot;shutter_speed&quot;:&quot;0&quot;,&quot;title&quot;:&quot;&quot;,&quot;orientation&quot;:&quot;0&quot;}\" data-image-title=\"IMG_1127\" data-image-description=\"\" data-image-caption=\"\" data-medium-file=\"https:\/\/amepn.ma\/wp-content\/uploads\/2025\/03\/IMG_1127-300x257.jpg\" data-large-file=\"https:\/\/amepn.ma\/wp-content\/uploads\/2025\/03\/IMG_1127-1024x877.jpg\" src=\"https:\/\/amepn.ma\/wp-content\/uploads\/2025\/03\/IMG_1127-1024x877.jpg\" alt=\"\" class=\"wp-image-2862\" style=\"width:730px;height:auto\" srcset=\"https:\/\/amepn.ma\/wp-content\/uploads\/2025\/03\/IMG_1127-1024x877.jpg 1024w, https:\/\/amepn.ma\/wp-content\/uploads\/2025\/03\/IMG_1127-300x257.jpg 300w, https:\/\/amepn.ma\/wp-content\/uploads\/2025\/03\/IMG_1127-768x658.jpg 768w, https:\/\/amepn.ma\/wp-content\/uploads\/2025\/03\/IMG_1127.jpg 1473w\" sizes=\"auto, (max-width: 1024px) 100vw, 1024px\" \/><\/figure><\/div>","protected":false},"excerpt":{"rendered":"<p>Le Parc Naturel marin d&rsquo;Al Boran est cr\u00e9\u00e9 sur une superficie de 300 km2 sur le territoire de la r\u00e9gion de Tanger-T\u00e9touan-Al Hoceima entre Asma et Amtar. Soit une superficie de 30.000 hectares.<\/p>\n","protected":false},"author":1,"featured_media":0,"parent":0,"menu_order":0,"comment_status":"closed","ping_status":"closed","template":"","meta":{"_acf_changed":false,"footnotes":""},"class_list":["post-2718","page","type-page","status-publish","hentry"],"acf":[],"jetpack_sharing_enabled":true,"jetpack_likes_enabled":true,"_links":{"self":[{"href":"https:\/\/amepn.ma\/index.php?rest_route=\/wp\/v2\/pages\/2718","targetHints":{"allow":["GET"]}}],"collection":[{"href":"https:\/\/amepn.ma\/index.php?rest_route=\/wp\/v2\/pages"}],"about":[{"href":"https:\/\/amepn.ma\/index.php?rest_route=\/wp\/v2\/types\/page"}],"author":[{"embeddable":true,"href":"https:\/\/amepn.ma\/index.php?rest_route=\/wp\/v2\/users\/1"}],"replies":[{"embeddable":true,"href":"https:\/\/amepn.ma\/index.php?rest_route=%2Fwp%2Fv2%2Fcomments&post=2718"}],"version-history":[{"count":4,"href":"https:\/\/amepn.ma\/index.php?rest_route=\/wp\/v2\/pages\/2718\/revisions"}],"predecessor-version":[{"id":2994,"href":"https:\/\/amepn.ma\/index.php?rest_route=\/wp\/v2\/pages\/2718\/revisions\/2994"}],"wp:attachment":[{"href":"https:\/\/amepn.ma\/index.php?rest_route=%2Fwp%2Fv2%2Fmedia&parent=2718"}],"curies":[{"name":"wp","href":"https:\/\/api.w.org\/{rel}","templated":true}]}}