{"id":3007,"date":"2026-03-15T17:49:45","date_gmt":"2026-03-15T16:49:45","guid":{"rendered":"https:\/\/amepn.ma\/?page_id=3007"},"modified":"2026-03-15T17:49:45","modified_gmt":"2026-03-15T16:49:45","slug":"pn-marin-de-mogador","status":"publish","type":"page","link":"https:\/\/amepn.ma\/?page_id=3007","title":{"rendered":"PN Marin de Mogador"},"content":{"rendered":"\n<p class=\"has-black-color has-text-color has-link-color has-small-font-size wp-elements-a25250ef01b4d9f1a8592b105acc94bd\">Le Parc Naturel de Mogador est cr\u00e9\u00e9 sur le territoire de la R\u00e9gion de Marrakech &#8211; Safi sur une superficie de 275 km2 entre Suiria Kdima et Moulay Bouzerktoun. Soit une superficie de 27.500 hectares.<\/p>\n\n\n\n<figure class=\"wp-block-image size-large is-resized\"><img loading=\"lazy\" decoding=\"async\" width=\"1024\" height=\"877\" data-attachment-id=\"2863\" data-permalink=\"https:\/\/amepn.ma\/?attachment_id=2863\" data-orig-file=\"https:\/\/amepn.ma\/wp-content\/uploads\/2025\/03\/IMG_1128.jpg\" data-orig-size=\"1473,1262\" data-comments-opened=\"1\" data-image-meta=\"{&quot;aperture&quot;:&quot;0&quot;,&quot;credit&quot;:&quot;&quot;,&quot;camera&quot;:&quot;&quot;,&quot;caption&quot;:&quot;&quot;,&quot;created_timestamp&quot;:&quot;0&quot;,&quot;copyright&quot;:&quot;&quot;,&quot;focal_length&quot;:&quot;0&quot;,&quot;iso&quot;:&quot;0&quot;,&quot;shutter_speed&quot;:&quot;0&quot;,&quot;title&quot;:&quot;&quot;,&quot;orientation&quot;:&quot;0&quot;}\" data-image-title=\"IMG_1128\" data-image-description=\"\" data-image-caption=\"\" data-medium-file=\"https:\/\/amepn.ma\/wp-content\/uploads\/2025\/03\/IMG_1128-300x257.jpg\" data-large-file=\"https:\/\/amepn.ma\/wp-content\/uploads\/2025\/03\/IMG_1128-1024x877.jpg\" src=\"https:\/\/amepn.ma\/wp-content\/uploads\/2025\/03\/IMG_1128-1024x877.jpg\" alt=\"\" class=\"wp-image-2863\" style=\"width:559px;height:auto\" srcset=\"https:\/\/amepn.ma\/wp-content\/uploads\/2025\/03\/IMG_1128-1024x877.jpg 1024w, https:\/\/amepn.ma\/wp-content\/uploads\/2025\/03\/IMG_1128-300x257.jpg 300w, https:\/\/amepn.ma\/wp-content\/uploads\/2025\/03\/IMG_1128-768x658.jpg 768w, https:\/\/amepn.ma\/wp-content\/uploads\/2025\/03\/IMG_1128.jpg 1473w\" sizes=\"auto, (max-width: 1024px) 100vw, 1024px\" \/><\/figure>\n","protected":false},"excerpt":{"rendered":"<p>Le Parc Naturel de Mogador est cr\u00e9\u00e9 sur le territoire de la R\u00e9gion de Marrakech &#8211; Safi sur une superficie de 275 km2 entre Suiria Kdima et Moulay Bouzerktoun. Soit une superficie de 27.500 hectares.<\/p>\n","protected":false},"author":2,"featured_media":0,"parent":0,"menu_order":0,"comment_status":"closed","ping_status":"closed","template":"","meta":{"_acf_changed":false,"footnotes":""},"class_list":["post-3007","page","type-page","status-publish","hentry"],"acf":[],"jetpack_sharing_enabled":true,"jetpack_likes_enabled":true,"_links":{"self":[{"href":"https:\/\/amepn.ma\/index.php?rest_route=\/wp\/v2\/pages\/3007","targetHints":{"allow":["GET"]}}],"collection":[{"href":"https:\/\/amepn.ma\/index.php?rest_route=\/wp\/v2\/pages"}],"about":[{"href":"https:\/\/amepn.ma\/index.php?rest_route=\/wp\/v2\/types\/page"}],"author":[{"embeddable":true,"href":"https:\/\/amepn.ma\/index.php?rest_route=\/wp\/v2\/users\/2"}],"replies":[{"embeddable":true,"href":"https:\/\/amepn.ma\/index.php?rest_route=%2Fwp%2Fv2%2Fcomments&post=3007"}],"version-history":[{"count":1,"href":"https:\/\/amepn.ma\/index.php?rest_route=\/wp\/v2\/pages\/3007\/revisions"}],"predecessor-version":[{"id":3009,"href":"https:\/\/amepn.ma\/index.php?rest_route=\/wp\/v2\/pages\/3007\/revisions\/3009"}],"wp:attachment":[{"href":"https:\/\/amepn.ma\/index.php?rest_route=%2Fwp%2Fv2%2Fmedia&parent=3007"}],"curies":[{"name":"wp","href":"https:\/\/api.w.org\/{rel}","templated":true}]}}