{"id":3023,"date":"2026-03-15T19:08:21","date_gmt":"2026-03-15T18:08:21","guid":{"rendered":"https:\/\/amepn.ma\/?page_id=3023"},"modified":"2026-03-15T19:21:35","modified_gmt":"2026-03-15T18:21:35","slug":"reserve-biologique-de-sidi-boughaba","status":"publish","type":"page","link":"https:\/\/amepn.ma\/?page_id=3023","title":{"rendered":"R\u00e9serve Biologique de Sidi Boughaba"},"content":{"rendered":"\n<p class=\"has-black-color has-text-color has-link-color has-small-font-size wp-elements-8f0ccd4040460919475565e6da7a4aa7\">La \u00ab\u00a0R\u00e9serve Biologique de Sidi Bou Ghaba\u00a0\u00bb de 150 ha concernant la zone humide au sens strict depuis son extr\u00eame limite sud jusqu&rsquo;au niveau de l&rsquo;actuel b\u00e2timent du Centre National d&rsquo;Education Environnemental (CNEE).Le \u00ab\u00a0Canton Forestier de Sidi Bou Ghaba\u00a0\u00bb de 652 ha, englobant la R\u00e9serve Biologique en plus d&rsquo;une for\u00eat domaniale. Les limites du Canton sont au sud, le Marabout de Sidi Bou Ghaba, \u00e0 l&rsquo;ouest, l&rsquo;oc\u00e9an atlantique, au nord, la Kasbah de Mehdia et \u00e0 l&rsquo;est, les terrains collectifs et la for\u00eat de la Mamora.Le \u00ab\u00a0Site class\u00e9\u00a0\u00bb (Arr\u00eat\u00e9 du Minist\u00e8re des Affaires Culturelles, 1951). La superficie du site class\u00e9 englobe en plus de celle du Canton Forestier une superficie estim\u00e9e \u00e0 150 ha compos\u00e9e, au sud, de dunes plant\u00e9es et des terrains collectifs au nord.<\/p>\n\n\n\n<figure class=\"wp-block-image size-large is-resized\"><img loading=\"lazy\" decoding=\"async\" width=\"1024\" height=\"767\" data-attachment-id=\"2907\" data-permalink=\"https:\/\/amepn.ma\/?attachment_id=2907\" data-orig-file=\"https:\/\/amepn.ma\/wp-content\/uploads\/2025\/07\/SidiBoughaba2-scaled.jpg\" data-orig-size=\"2560,1918\" data-comments-opened=\"1\" data-image-meta=\"{&quot;aperture&quot;:&quot;0&quot;,&quot;credit&quot;:&quot;&quot;,&quot;camera&quot;:&quot;&quot;,&quot;caption&quot;:&quot;&quot;,&quot;created_timestamp&quot;:&quot;0&quot;,&quot;copyright&quot;:&quot;&quot;,&quot;focal_length&quot;:&quot;0&quot;,&quot;iso&quot;:&quot;0&quot;,&quot;shutter_speed&quot;:&quot;0&quot;,&quot;title&quot;:&quot;&quot;,&quot;orientation&quot;:&quot;1&quot;}\" data-image-title=\"SidiBoughaba2\" data-image-description=\"\" data-image-caption=\"\" data-medium-file=\"https:\/\/amepn.ma\/wp-content\/uploads\/2025\/07\/SidiBoughaba2-300x225.jpg\" data-large-file=\"https:\/\/amepn.ma\/wp-content\/uploads\/2025\/07\/SidiBoughaba2-1024x767.jpg\" src=\"https:\/\/amepn.ma\/wp-content\/uploads\/2025\/07\/SidiBoughaba2-1024x767.jpg\" alt=\"\" class=\"wp-image-2907\" style=\"width:629px;height:auto\" srcset=\"https:\/\/amepn.ma\/wp-content\/uploads\/2025\/07\/SidiBoughaba2-1024x767.jpg 1024w, https:\/\/amepn.ma\/wp-content\/uploads\/2025\/07\/SidiBoughaba2-300x225.jpg 300w, https:\/\/amepn.ma\/wp-content\/uploads\/2025\/07\/SidiBoughaba2-768x575.jpg 768w, https:\/\/amepn.ma\/wp-content\/uploads\/2025\/07\/SidiBoughaba2-1536x1151.jpg 1536w, https:\/\/amepn.ma\/wp-content\/uploads\/2025\/07\/SidiBoughaba2-2048x1534.jpg 2048w, https:\/\/amepn.ma\/wp-content\/uploads\/2025\/07\/SidiBoughaba2-1600x1199.jpg 1600w\" sizes=\"auto, (max-width: 1024px) 100vw, 1024px\" \/><\/figure>\n\n\n\n<p class=\"has-black-color has-text-color has-link-color has-small-font-size wp-elements-e2086ed9fb3df6c4d9912654ad139d46\">Le lac de site Bou Ghaba abrite un peuplement diversifi\u00e9 de Zooplancton et d&rsquo;Invert\u00e9br\u00e9s aquatiques. Plusieurs esp\u00e8ces de Libellules peuvent \u00eatre observ\u00e9es chassant \u00e0 ras de la surface de l&rsquo;eau. Etant situ\u00e9 \u00e0 proximit\u00e9 de la for\u00eat de la Mamora, le site de Sidi Bou Ghaba constitue un refuge pour un certain nombre d&rsquo;esp\u00e8ces d&rsquo;Amphibiens , reptiles et Mammif\u00e8res. Vu sa situation sur l&rsquo;axe migratoire Pal\u00e9arctique-Afrique subsaharienne, le site de Sidi Bou Ghaba constitue l&rsquo;une des plus importantes zones humides de la c\u00f4te atlantique marocaine pour les oiseaux d&rsquo;eau et repr\u00e9sente une aire de repos et de nourrissage d&rsquo;oiseaux migrateurs ou hivernants. Plus de la moiti\u00e9 de l&rsquo;avifaune qui fr\u00e9quente le pays peut \u00eatre observ\u00e9e au niveau du site Au cours de ces cinq derni\u00e8res ann\u00e9es, une moyenne de 4000 Anatid\u00e9s y hivernent. Presque toutes les esp\u00e8ces d&rsquo;Anatid\u00e9s peuvent \u00eatre rencontr\u00e9es en migration ou en hivernage. Il faut noter que Sidi Bou Ghaba constitue le principal site d&rsquo;hivernage de la Sarcelle marbr\u00e9e \u00e0 l&rsquo;\u00e9chelle du Pal\u00e9arctique.<\/p>\n","protected":false},"excerpt":{"rendered":"<p>La \u00ab\u00a0R\u00e9serve Biologique de Sidi Bou Ghaba\u00a0\u00bb de 150 ha concernant la zone humide au sens strict depuis son extr\u00eame limite sud jusqu&rsquo;au niveau de l&rsquo;actuel b\u00e2timent du Centre National d&rsquo;Education Environnemental (CNEE).Le \u00ab\u00a0Canton Forestier de Sidi Bou Ghaba\u00a0\u00bb de 652 ha, englobant la R\u00e9serve Biologique en plus d&rsquo;une for\u00eat domaniale. Les limites du Canton sont au sud, le Marabout [&hellip;]<\/p>\n","protected":false},"author":2,"featured_media":0,"parent":0,"menu_order":0,"comment_status":"closed","ping_status":"closed","template":"","meta":{"_acf_changed":false,"footnotes":""},"class_list":["post-3023","page","type-page","status-publish","hentry"],"acf":[],"jetpack_sharing_enabled":true,"jetpack_likes_enabled":true,"_links":{"self":[{"href":"https:\/\/amepn.ma\/index.php?rest_route=\/wp\/v2\/pages\/3023","targetHints":{"allow":["GET"]}}],"collection":[{"href":"https:\/\/amepn.ma\/index.php?rest_route=\/wp\/v2\/pages"}],"about":[{"href":"https:\/\/amepn.ma\/index.php?rest_route=\/wp\/v2\/types\/page"}],"author":[{"embeddable":true,"href":"https:\/\/amepn.ma\/index.php?rest_route=\/wp\/v2\/users\/2"}],"replies":[{"embeddable":true,"href":"https:\/\/amepn.ma\/index.php?rest_route=%2Fwp%2Fv2%2Fcomments&post=3023"}],"version-history":[{"count":4,"href":"https:\/\/amepn.ma\/index.php?rest_route=\/wp\/v2\/pages\/3023\/revisions"}],"predecessor-version":[{"id":3031,"href":"https:\/\/amepn.ma\/index.php?rest_route=\/wp\/v2\/pages\/3023\/revisions\/3031"}],"wp:attachment":[{"href":"https:\/\/amepn.ma\/index.php?rest_route=%2Fwp%2Fv2%2Fmedia&parent=3023"}],"curies":[{"name":"wp","href":"https:\/\/api.w.org\/{rel}","templated":true}]}}