{"id":126,"date":"2023-07-17T13:52:47","date_gmt":"2023-07-17T11:52:47","guid":{"rendered":"https:\/\/amepn.ma\/rbca\/site\/?page_id=126"},"modified":"2023-07-18T15:33:01","modified_gmt":"2023-07-18T13:33:01","slug":"projets","status":"publish","type":"page","link":"https:\/\/amepn.ma\/rbca\/observatoire\/?page_id=126","title":{"rendered":"Projets"},"content":{"rendered":"\n<p>Projet : <strong>Vers la mise en place d\u2019un Observatoire pour la conservation des Zones Humides de la R\u00e9serve de Biosph\u00e8re du C\u00e8dre de l\u2019Atlas<\/strong><\/p>\n\n\n\n<figure class=\"wp-block-gallery columns-1 is-cropped wp-block-gallery-1 is-layout-flex wp-block-gallery-is-layout-flex\"><ul class=\"blocks-gallery-grid\"><li class=\"blocks-gallery-item\"><figure><img loading=\"lazy\" decoding=\"async\" width=\"244\" height=\"82\" src=\"https:\/\/amepn.ma\/rbca\/site\/wp-content\/uploads\/2023\/07\/cepflogo-1.gif\" alt=\"\" data-id=\"181\" data-full-url=\"https:\/\/amepn.ma\/rbca\/site\/wp-content\/uploads\/2023\/07\/cepflogo-1.gif\" data-link=\"https:\/\/amepn.ma\/rbca\/site\/?attachment_id=181\" class=\"wp-image-181\"\/><\/figure><\/li><\/ul><\/figure>\n\n\n\n<p style=\"color:#020e14\" class=\"has-text-color\">c&#8217;est un projet initi\u00e9 par l&#8217;Association Marocaine pour l&#8217;Ecotourisme et la Protection de la Nature (AMEPN) et appuy\u00e9 financi\u00e8rement par le Fonds de Partenariat pour les Ecosyst\u00e8mes Critiques (CEPF). Le projet est ax\u00e9 principalement sur les orientations strat\u00e9giques d&#8217;investissement du CEPF soulev\u00e9s dans le hotspot m\u00e9diterran\u00e9en li\u00e9 \u00e0 la gestion des bassins hydrographiques consid\u00e9r\u00e9s comme une priorit\u00e9. Les actions du projet concernent l&#8217;Oued Oum Er-Rabia et les zones humides de la R\u00e9serve de Biosph\u00e8re du C\u00e8dre de l&#8217;Atlas.<\/p>\n\n\n\n<p>Les\npriorit\u00e9s d&#8217;investissement y sont associ\u00e9es :<\/p>\n\n\n\n<p>2.1: Am\u00e9liorer la base de connaissances sur\nla biodiversit\u00e9 dul\u00e7aquicole et mettre en valeur l\u2019importance des services\n\u00e9cosyst\u00e9miques d\u2019eau douce.<\/p>\n\n\n\n<p>2.2 : Soutenir des actions visant \u00e0 r\u00e9duire\nles menaces et am\u00e9liorer la gestion de sites au sein des bassins versants\nprioritaires, avec la participation des acteurs locaux.<\/p>\n\n\n\n<p>2.3 : Collaborer avec le gouvernement, le\nsecteur priv\u00e9 et les autres acteurs afin de soutenir la gestion int\u00e9gr\u00e9e des\nbassins versants et r\u00e9duire les menaces pour la biodiversit\u00e9 au sein des\nbassins versants prioritaires.<\/p>\n","protected":false},"excerpt":{"rendered":"<p>Projet : Vers la mise en place d\u2019un Observatoire pour la conservation des Zones Humides de la R\u00e9serve de Biosph\u00e8re du C\u00e8dre de l\u2019Atlas c&#8217;est un projet initi\u00e9 par l&#8217;Association Marocaine pour l&#8217;Ecotourisme et la Protection de la Nature (AMEPN) et appuy\u00e9 financi\u00e8rement par le Fonds de Partenariat pour les Ecosyst\u00e8mes Critiques (CEPF). Le projet est ax\u00e9 principalement sur les [&hellip;]<\/p>\n","protected":false},"author":1,"featured_media":0,"parent":0,"menu_order":0,"comment_status":"closed","ping_status":"closed","template":"","meta":{"footnotes":""},"_links":{"self":[{"href":"https:\/\/amepn.ma\/rbca\/observatoire\/index.php?rest_route=\/wp\/v2\/pages\/126"}],"collection":[{"href":"https:\/\/amepn.ma\/rbca\/observatoire\/index.php?rest_route=\/wp\/v2\/pages"}],"about":[{"href":"https:\/\/amepn.ma\/rbca\/observatoire\/index.php?rest_route=\/wp\/v2\/types\/page"}],"author":[{"embeddable":true,"href":"https:\/\/amepn.ma\/rbca\/observatoire\/index.php?rest_route=\/wp\/v2\/users\/1"}],"replies":[{"embeddable":true,"href":"https:\/\/amepn.ma\/rbca\/observatoire\/index.php?rest_route=%2Fwp%2Fv2%2Fcomments&post=126"}],"version-history":[{"count":3,"href":"https:\/\/amepn.ma\/rbca\/observatoire\/index.php?rest_route=\/wp\/v2\/pages\/126\/revisions"}],"predecessor-version":[{"id":183,"href":"https:\/\/amepn.ma\/rbca\/observatoire\/index.php?rest_route=\/wp\/v2\/pages\/126\/revisions\/183"}],"wp:attachment":[{"href":"https:\/\/amepn.ma\/rbca\/observatoire\/index.php?rest_route=%2Fwp%2Fv2%2Fmedia&parent=126"}],"curies":[{"name":"wp","href":"https:\/\/api.w.org\/{rel}","templated":true}]}}