{"id":129,"date":"2023-07-17T13:56:32","date_gmt":"2023-07-17T11:56:32","guid":{"rendered":"https:\/\/amepn.ma\/rbca\/site\/?page_id=129"},"modified":"2023-07-18T15:09:12","modified_gmt":"2023-07-18T13:09:12","slug":"objectifs-et-missions","status":"publish","type":"page","link":"https:\/\/amepn.ma\/rbca\/observatoire\/?page_id=129","title":{"rendered":"Objectifs et missions"},"content":{"rendered":"\n<p> Depuis la signature de la Convention de Ramsar en 1971, la majorit\u00e9 des pays s\u2019est engag\u00e9e \u00e0 prot\u00e9ger et \u00e0 assurer une utilisation rationnelle de leurs zones humides, qu\u2019elles soient naturelles (lacs, mare, \u00e9tang, chott, guelta, sebka, lagunes), semi naturelles (oasis, ancien lac artificiel, etc.) ou artificielles (rizi\u00e8re, retenue collinaire, r\u00e9servoir de barrage, etc.). Les zones humides sont consid\u00e9r\u00e9es comme des zones fragiles, riches en biodiversit\u00e9 et en end\u00e9misme, et fortement sollicit\u00e9es par l\u2019homme pour leurs ressources en eau, en terre, en flore et en faune. <\/p>\n\n\n\n<p class=\"has-text-color has-text-align-center has-large-font-size has-vivid-cyan-blue-color\"><strong>OBJECTIFS<\/strong><\/p>\n\n\n\n<p> L<strong>\u2019Observatoire a trois objectifs interd\u00e9pendants<\/strong>:<br>1- Informer \u00e0 temps et avec qualit\u00e9 sur l\u2019\u00e9tat et les tendances des zones humides m\u00e9diterran\u00e9ennes ;<br>2- Recenser les menaces qui p\u00e8sent sur les zones humides m\u00e9diterran\u00e9ennes et identifier les actions pour promouvoir la protection des zones humides, leur utilisation rationnelle et leur restauration.<br>3- Evaluer comment la conservation des zones humides est prise en compte dans le contexte de d\u00e9veloppement durable en m\u00e9diterran\u00e9en.<br>Les trois objectifs pr\u00e9sentent un embo\u00eetement qui suit cette logique : le premier objectif est li\u00e9 \u00e0 la connaissance de l\u2019\u00e9tat et de la tendance des zones humides m\u00e9diterran\u00e9ennes. Cet objectif informe donc d\u2019un constat de situation (Etat), cons\u00e9quence de facteurs et forces internes et externes sur ces zones humides. Le deuxi\u00e8me objectif s\u2019inscrit dans la recherche et l\u2019analyse de ces causes et des forces internes et externes (Facteurs et pressions) qui influencent l\u2019\u00e9tat des zones humides et leurs tendances. Le troisi\u00e8me objectif analyse la place des zones humides m\u00e9diterran\u00e9ennes dans le contexte de d\u00e9veloppement durable, dans ses dimensions politiques, strat\u00e9giques et scientifiques (R\u00e9f\u00e9rence : OZHM, Laurent Chazee, Tour du Valat France). <\/p>\n\n\n\n<p class=\"has-text-color has-text-align-center has-large-font-size has-vivid-cyan-blue-color\"><strong>MISSIONS<\/strong><\/p>\n\n\n\n<p> L\u2019Observatoire des zones humides fonctionne comme un m\u00e9canisme partenarial de suivi \u00e9valuation des zones humides. Il vise \u00e0 renforcer les organisations fournissant des donn\u00e9es, en leur faisant parvenir ou leur donnant acc\u00e8s \u00e0 des donn\u00e9es harmonis\u00e9es et consolid\u00e9es sur l\u2019\u00e9tat et les tendances des zones humides. Il facilite les liens entre les scientifiques et les d\u00e9cideurs pour que le travail ou la fa\u00e7on de les transf\u00e9rer les informations soit pertinent avec les attentes politiques, ou au contraire que les donn\u00e9es scientifiques puissent influencer les prises de d\u00e9cision.<br>La principale valeur ajout\u00e9e que l\u2019Observatoire s\u2019engage \u00e0 apporter aux scientifiques, aux d\u00e9cideurs et \u00e0 ses autres utilisateurs potentiels se d\u00e9cline en trois axes :<br>1- Catalyser, centraliser, consolider, acc\u00e9der \u00e0 et partager la connaissance sur le statut et les tendances des zones humides ;<br>2- Sensibiliser les utilisateurs et aider les d\u00e9cideurs dans leurs d\u00e9cisions en faveur de la meilleure conservation, utilisation et gestion des zones humides ;<br>3- Analyser l\u2019\u00e9tat et les tendances des fonctions \u00e9cologiques, des valeurs et des services des zones humides dans le contexte du d\u00e9veloppement durable.<br>Dans quelques ann\u00e9es, quand l\u2019Observatoire aura plus de capacit\u00e9 et d\u2019exp\u00e9rience, ce mandat pourrait \u00eatre \u00e9tendu \u00e0 deux autres axes :<br>* L\u2019alerte et les le\u00e7ons pr\u00e9coces pour les d\u00e9cideurs, en liaison avec les engagements inscrits dans les conventions internationales et les changements globaux ;<br>* L\u2019\u00e9valuation des impacts des politiques et des strat\u00e9gies publiques sur les zones humides. <\/p>\n\n\n\n<figure class=\"wp-block-image size-large\"><img loading=\"lazy\" decoding=\"async\" width=\"1024\" height=\"461\" src=\"https:\/\/amepn.ma\/rbca\/site\/wp-content\/uploads\/2023\/07\/afenourir-1-1024x461.jpg\" alt=\"\" class=\"wp-image-107\" srcset=\"https:\/\/amepn.ma\/rbca\/observatoire\/wp-content\/uploads\/2023\/07\/afenourir-1-1024x461.jpg 1024w, https:\/\/amepn.ma\/rbca\/observatoire\/wp-content\/uploads\/2023\/07\/afenourir-1-300x135.jpg 300w, https:\/\/amepn.ma\/rbca\/observatoire\/wp-content\/uploads\/2023\/07\/afenourir-1-768x346.jpg 768w, https:\/\/amepn.ma\/rbca\/observatoire\/wp-content\/uploads\/2023\/07\/afenourir-1.jpg 1280w\" sizes=\"(max-width: 1024px) 100vw, 1024px\" \/><\/figure>\n","protected":false},"excerpt":{"rendered":"<p>Depuis la signature de la Convention de Ramsar en 1971, la majorit\u00e9 des pays s\u2019est engag\u00e9e \u00e0 prot\u00e9ger et \u00e0 assurer une utilisation rationnelle de leurs zones humides, qu\u2019elles soient naturelles (lacs, mare, \u00e9tang, chott, guelta, sebka, lagunes), semi naturelles (oasis, ancien lac artificiel, etc.) ou artificielles (rizi\u00e8re, retenue collinaire, r\u00e9servoir de barrage, etc.). Les zones humides sont consid\u00e9r\u00e9es comme [&hellip;]<\/p>\n","protected":false},"author":1,"featured_media":0,"parent":0,"menu_order":0,"comment_status":"closed","ping_status":"closed","template":"","meta":{"footnotes":""},"_links":{"self":[{"href":"https:\/\/amepn.ma\/rbca\/observatoire\/index.php?rest_route=\/wp\/v2\/pages\/129"}],"collection":[{"href":"https:\/\/amepn.ma\/rbca\/observatoire\/index.php?rest_route=\/wp\/v2\/pages"}],"about":[{"href":"https:\/\/amepn.ma\/rbca\/observatoire\/index.php?rest_route=\/wp\/v2\/types\/page"}],"author":[{"embeddable":true,"href":"https:\/\/amepn.ma\/rbca\/observatoire\/index.php?rest_route=\/wp\/v2\/users\/1"}],"replies":[{"embeddable":true,"href":"https:\/\/amepn.ma\/rbca\/observatoire\/index.php?rest_route=%2Fwp%2Fv2%2Fcomments&post=129"}],"version-history":[{"count":3,"href":"https:\/\/amepn.ma\/rbca\/observatoire\/index.php?rest_route=\/wp\/v2\/pages\/129\/revisions"}],"predecessor-version":[{"id":175,"href":"https:\/\/amepn.ma\/rbca\/observatoire\/index.php?rest_route=\/wp\/v2\/pages\/129\/revisions\/175"}],"wp:attachment":[{"href":"https:\/\/amepn.ma\/rbca\/observatoire\/index.php?rest_route=%2Fwp%2Fv2%2Fmedia&parent=129"}],"curies":[{"name":"wp","href":"https:\/\/api.w.org\/{rel}","templated":true}]}}