{"id":138,"date":"2023-07-17T19:34:20","date_gmt":"2023-07-17T17:34:20","guid":{"rendered":"https:\/\/amepn.ma\/rbca\/site\/?page_id=138"},"modified":"2023-07-18T17:00:58","modified_gmt":"2023-07-18T15:00:58","slug":"dayet-aoua","status":"publish","type":"page","link":"https:\/\/amepn.ma\/rbca\/observatoire\/?page_id=138","title":{"rendered":"Convention de Ramsar"},"content":{"rendered":"\n<p>La Convention sur les zones humides est un trait\u00e9 intergouvernemental qui sert de cadre \u00e0 l\u2019action nationale et \u00e0 la coop\u00e9ration internationale pour la conservation et l\u2019utilisation rationnelle des zones humides et de leurs ressources.<\/p>\n\n\n\n<div class=\"wp-block-media-text alignwide has-media-on-the-right\" style=\"grid-template-columns:auto 15%\"><figure class=\"wp-block-media-text__media\"><img loading=\"lazy\" decoding=\"async\" width=\"348\" height=\"468\" src=\"https:\/\/amepn.ma\/rbca\/site\/wp-content\/uploads\/2023\/07\/png-clipart-ramsar-mazandaran-ramsar-convention-ramsar-site-world-wetlands-day-library-logo-miscellaneous-blue-thumbnail-1.png\" alt=\"\" class=\"wp-image-195\" srcset=\"https:\/\/amepn.ma\/rbca\/observatoire\/wp-content\/uploads\/2023\/07\/png-clipart-ramsar-mazandaran-ramsar-convention-ramsar-site-world-wetlands-day-library-logo-miscellaneous-blue-thumbnail-1.png 348w, https:\/\/amepn.ma\/rbca\/observatoire\/wp-content\/uploads\/2023\/07\/png-clipart-ramsar-mazandaran-ramsar-convention-ramsar-site-world-wetlands-day-library-logo-miscellaneous-blue-thumbnail-1-223x300.png 223w\" sizes=\"(max-width: 348px) 100vw, 348px\" \/><\/figure><div class=\"wp-block-media-text__content\">\n<p class=\"has-normal-font-size\"> La Convention a \u00e9t\u00e9 adopt\u00e9e dans la ville iranienne de Ramsar, en&nbsp;1971, et est entr\u00e9e en vigueur en&nbsp;1975. Depuis, pr\u00e8s de 90% des \u00c9tats Membres de l\u2019ONU, de toutes les r\u00e9gions g\u00e9ographiques du monde, sont devenus \u00ab&nbsp;Parties contractantes&nbsp;\u00bb.&nbsp; <\/p>\n<\/div><\/div>\n\n\n\n<p class=\"has-background has-large-font-size has-pale-cyan-blue-background-color\"><strong>La convention de Ramsar au Maroc<\/strong><\/p>\n\n\n\n<figure class=\"wp-block-image size-large\"><img loading=\"lazy\" decoding=\"async\" width=\"1024\" height=\"166\" src=\"https:\/\/amepn.ma\/rbca\/site\/wp-content\/uploads\/2023\/07\/ZHMAROC-1024x166.png\" alt=\"\" class=\"wp-image-197\" srcset=\"https:\/\/amepn.ma\/rbca\/observatoire\/wp-content\/uploads\/2023\/07\/ZHMAROC-1024x166.png 1024w, https:\/\/amepn.ma\/rbca\/observatoire\/wp-content\/uploads\/2023\/07\/ZHMAROC-300x49.png 300w, https:\/\/amepn.ma\/rbca\/observatoire\/wp-content\/uploads\/2023\/07\/ZHMAROC-768x124.png 768w, https:\/\/amepn.ma\/rbca\/observatoire\/wp-content\/uploads\/2023\/07\/ZHMAROC.png 1075w\" sizes=\"(max-width: 1024px) 100vw, 1024px\" \/><\/figure>\n","protected":false},"excerpt":{"rendered":"<p>La Convention sur les zones humides est un trait\u00e9 intergouvernemental qui sert de cadre \u00e0 l\u2019action nationale et \u00e0 la coop\u00e9ration internationale pour la conservation et l\u2019utilisation rationnelle des zones humides et de leurs ressources. La Convention a \u00e9t\u00e9 adopt\u00e9e dans la ville iranienne de Ramsar, en&nbsp;1971, et est entr\u00e9e en vigueur en&nbsp;1975. Depuis, pr\u00e8s de 90% des \u00c9tats Membres [&hellip;]<\/p>\n","protected":false},"author":1,"featured_media":0,"parent":0,"menu_order":0,"comment_status":"closed","ping_status":"closed","template":"","meta":{"footnotes":""},"_links":{"self":[{"href":"https:\/\/amepn.ma\/rbca\/observatoire\/index.php?rest_route=\/wp\/v2\/pages\/138"}],"collection":[{"href":"https:\/\/amepn.ma\/rbca\/observatoire\/index.php?rest_route=\/wp\/v2\/pages"}],"about":[{"href":"https:\/\/amepn.ma\/rbca\/observatoire\/index.php?rest_route=\/wp\/v2\/types\/page"}],"author":[{"embeddable":true,"href":"https:\/\/amepn.ma\/rbca\/observatoire\/index.php?rest_route=\/wp\/v2\/users\/1"}],"replies":[{"embeddable":true,"href":"https:\/\/amepn.ma\/rbca\/observatoire\/index.php?rest_route=%2Fwp%2Fv2%2Fcomments&post=138"}],"version-history":[{"count":3,"href":"https:\/\/amepn.ma\/rbca\/observatoire\/index.php?rest_route=\/wp\/v2\/pages\/138\/revisions"}],"predecessor-version":[{"id":198,"href":"https:\/\/amepn.ma\/rbca\/observatoire\/index.php?rest_route=\/wp\/v2\/pages\/138\/revisions\/198"}],"wp:attachment":[{"href":"https:\/\/amepn.ma\/rbca\/observatoire\/index.php?rest_route=%2Fwp%2Fv2%2Fmedia&parent=138"}],"curies":[{"name":"wp","href":"https:\/\/api.w.org\/{rel}","templated":true}]}}