{"id":144,"date":"2023-07-17T19:35:16","date_gmt":"2023-07-17T17:35:16","guid":{"rendered":"https:\/\/amepn.ma\/rbca\/site\/?page_id=144"},"modified":"2023-12-19T21:55:47","modified_gmt":"2023-12-19T20:55:47","slug":"fellat","status":"publish","type":"page","link":"https:\/\/amepn.ma\/rbca\/observatoire\/?page_id=144","title":{"rendered":"Liste des zones humides de la RBCA"},"content":{"rendered":"\n<p>La conservation de la biodiversit\u00e9 requiert une bonne connaissance des esp\u00e8ces, de leur habitat et de leur r\u00f4le au sein de l\u2019\u00e9cosyst\u00e8me. Toutefois, lors de l\u2019identification des aires prot\u00e9g\u00e9es (AP) du Maroc y compris les parcs nationaux de la RBCA, la flore et les vert\u00e9br\u00e9s sup\u00e9rieurs \u00e9taient les seules r\u00e9f\u00e9rences. Les invert\u00e9br\u00e9s, ont \u00e9t\u00e9 totalement ignor\u00e9s, bien qu\u2019ils repr\u00e9sentent approximativement 95 % des esp\u00e8ces vivantes. Parmi, ces derniers, les macro-invert\u00e9br\u00e9s aquatiques, sont de bons bioindicateurs et refl\u00e8tent particuli\u00e8rement l\u2019\u00e9tat \u00e9cologique et de conservation des \u00e9cosyst\u00e8mes aquatiques, en r\u00e9agissant tr\u00e8s vite aux changements survenant dans leur environnement.<\/p>\n\n\n\n<p>Pour contribuer \u00e0 la connaissance de la biodiversit\u00e9 dulcicole de la RBCA, et d\u00e9voiler l\u2019efficience de ces APs pour la conservation de la biodiversit\u00e9 aquatique, une \u00e9tude hydrobiologique est men\u00e9e sur les principaux habitats types aquatiques, dont certains sont class\u00e9s sites Ramsar, des trois parcs nationaux (Ifrane, Kh\u00e9nifra et Haut Atlas Oriental) de la RBCA et ce pendant un cycle annuel. Les r\u00e9sultats obtenus ont permis i) l\u2019\u00e9laboration du premier atlas de la biodiversit\u00e9 aquatique de la RBCA, ii) l\u2019identification des hotspots de richesse, de raret\u00e9 et d\u2019end\u00e9mie iii) l\u2019\u00e9valuation de l\u2019\u00e9tat de conservation des esp\u00e8ces et des habitats en identifiant les impacts mena\u00e7ant les habitats. Gr\u00e2ce aux r\u00e9sultats de ce travail, l\u2019agence des Eaux et For\u00eats et la lutte contre la d\u00e9sertification, comme organisme tutelle des aires prot\u00e9g\u00e9es du Maroc, et les directions des parcs nationaux de la RBCA disposeront des informations n\u00e9cessaires pour accentuer les efforts de conservation face aux impacts anthropiques et ceux des changements climatiques.<\/p>\n\n\n\n<div class=\"wp-block-image\"><figure class=\"aligncenter size-large\"><img loading=\"lazy\" decoding=\"async\" width=\"720\" height=\"960\" src=\"https:\/\/amepn.ma\/rbca\/site\/wp-content\/uploads\/2023\/12\/Carte-ZH-de-RBCA.jpg\" alt=\"\" class=\"wp-image-267\" srcset=\"https:\/\/amepn.ma\/rbca\/observatoire\/wp-content\/uploads\/2023\/12\/Carte-ZH-de-RBCA.jpg 720w, https:\/\/amepn.ma\/rbca\/observatoire\/wp-content\/uploads\/2023\/12\/Carte-ZH-de-RBCA-225x300.jpg 225w\" sizes=\"(max-width: 720px) 100vw, 720px\" \/><\/figure><\/div>\n\n\n\n<p class=\"has-text-color has-background has-text-align-center has-medium-font-size has-very-light-gray-color has-vivid-cyan-blue-background-color\"><strong>Site de RAS EL MA, Ifrane<\/strong><\/p>\n\n\n\n<div class=\"wp-block-group\"><div class=\"wp-block-group__inner-container is-layout-flow wp-block-group-is-layout-flow\">\n<div class=\"wp-block-group\"><div class=\"wp-block-group__inner-container is-layout-flow wp-block-group-is-layout-flow\">\n<div class=\"wp-block-media-text alignwide\"><figure class=\"wp-block-media-text__media\"><img loading=\"lazy\" decoding=\"async\" width=\"725\" height=\"1024\" src=\"https:\/\/amepn.ma\/rbca\/site\/wp-content\/uploads\/2023\/12\/RAS-ELMA-725x1024-2.jpg\" alt=\"\" class=\"wp-image-232\" srcset=\"https:\/\/amepn.ma\/rbca\/observatoire\/wp-content\/uploads\/2023\/12\/RAS-ELMA-725x1024-2.jpg 725w, https:\/\/amepn.ma\/rbca\/observatoire\/wp-content\/uploads\/2023\/12\/RAS-ELMA-725x1024-2-212x300.jpg 212w\" sizes=\"(max-width: 725px) 100vw, 725px\" \/><\/figure><div class=\"wp-block-media-text__content\">\n<p class=\"has-small-font-size\">La source Ras el Ma (Figure 6) se trouve au c\u0153ur du Parc National d\u2019Ifrane ainsi que la c\u00e9draie du Moyen Atlas. Un \u00e9cosyst\u00e8me tr\u00e8s bien conserv\u00e9 se situant \u00e0 une altitude de 1600 m. Par rapport \u00e0 la ville d\u2019Ifrane (Altitude 1700 m) assurant en quelque sorte le cycle de l\u2019eau de par la quantit\u00e9 de neige qui tombe annuellement dans cette r\u00e9gion. La source de Ras El Ma se trouve \u00e0 5 km de la ville d\u2019Ifrane (Poste forestier de Ras El Ma). Elle \u00e9merge des calcaires du Lias du Causse moyen atlasique. Il s\u2019agit d\u2019une source permanente, caract\u00e9ris\u00e9e par un d\u00e9bit moyen et par une pente douce.<\/p>\n\n\n\n<p class=\"has-small-font-size\">Le substrat quant \u00e0 lui est form\u00e9 de pierres et de sable. La v\u00e9g\u00e9tation aquatique est quasi absente tandis que la v\u00e9g\u00e9tation riveraine est relativement dense. Cette station se caract\u00e9rise par une forte affluence des visiteurs notamment en p\u00e9riode estivale. Les impacts qui paraissent menacer cette station concernent : la pr\u00e9sence de p\u00e2turage, en plus de l\u2019activit\u00e9 touristique.<\/p>\n\n\n\n<p class=\"has-small-font-size\"><strong>(Coordonn\u00e9es g\u00e9ographiques&nbsp;: 33\u00b028.0310\u2019N, 5\u00b08.6340\u2032)<\/strong><\/p>\n<\/div><\/div>\n<\/div><\/div>\n<\/div><\/div>\n","protected":false},"excerpt":{"rendered":"<p>La conservation de la biodiversit\u00e9 requiert une bonne connaissance des esp\u00e8ces, de leur habitat et de leur r\u00f4le au sein de l\u2019\u00e9cosyst\u00e8me. Toutefois, lors de l\u2019identification des aires prot\u00e9g\u00e9es (AP) du Maroc y compris les parcs nationaux de la RBCA, la flore et les vert\u00e9br\u00e9s sup\u00e9rieurs \u00e9taient les seules r\u00e9f\u00e9rences. Les invert\u00e9br\u00e9s, ont \u00e9t\u00e9 totalement ignor\u00e9s, bien qu\u2019ils repr\u00e9sentent approximativement [&hellip;]<\/p>\n","protected":false},"author":1,"featured_media":0,"parent":0,"menu_order":0,"comment_status":"closed","ping_status":"closed","template":"","meta":{"footnotes":""},"_links":{"self":[{"href":"https:\/\/amepn.ma\/rbca\/observatoire\/index.php?rest_route=\/wp\/v2\/pages\/144"}],"collection":[{"href":"https:\/\/amepn.ma\/rbca\/observatoire\/index.php?rest_route=\/wp\/v2\/pages"}],"about":[{"href":"https:\/\/amepn.ma\/rbca\/observatoire\/index.php?rest_route=\/wp\/v2\/types\/page"}],"author":[{"embeddable":true,"href":"https:\/\/amepn.ma\/rbca\/observatoire\/index.php?rest_route=\/wp\/v2\/users\/1"}],"replies":[{"embeddable":true,"href":"https:\/\/amepn.ma\/rbca\/observatoire\/index.php?rest_route=%2Fwp%2Fv2%2Fcomments&post=144"}],"version-history":[{"count":5,"href":"https:\/\/amepn.ma\/rbca\/observatoire\/index.php?rest_route=\/wp\/v2\/pages\/144\/revisions"}],"predecessor-version":[{"id":269,"href":"https:\/\/amepn.ma\/rbca\/observatoire\/index.php?rest_route=\/wp\/v2\/pages\/144\/revisions\/269"}],"wp:attachment":[{"href":"https:\/\/amepn.ma\/rbca\/observatoire\/index.php?rest_route=%2Fwp%2Fv2%2Fmedia&parent=144"}],"curies":[{"name":"wp","href":"https:\/\/api.w.org\/{rel}","templated":true}]}}