{"id":148,"date":"2023-07-17T19:35:55","date_gmt":"2023-07-17T17:35:55","guid":{"rendered":"https:\/\/amepn.ma\/rbca\/site\/?page_id=148"},"modified":"2023-12-29T22:00:43","modified_gmt":"2023-12-29T21:00:43","slug":"pn-de-khenifra","status":"publish","type":"page","link":"https:\/\/amepn.ma\/rbca\/observatoire\/?page_id=148","title":{"rendered":"PN de Kh\u00e9nifra"},"content":{"rendered":"\n<p class=\"has-text-color\" style=\"color:#054a72\"> Le Parc national de\u00a0Kh\u00e9nifra fait partie des cr\u00e9ations de parcs les plus r\u00e9centes au Maroc. Cr\u00e9\u00e9 en 2008, se situant dans la province de Kh\u00e9nifra, le site s\u2019\u00e9tend sur une superficie de 93.500 ha. Il s\u2019agit d\u2019un territoire sp\u00e9cifique \u00e0 la C\u00e9draie de l\u2019Atlas et au Singe Magot recelant une grande richesse paysag\u00e8re, g\u00e9ologique, biologique et culturelle d\u2019une importance consid\u00e9rable. La richesse du Parc National de Kh\u00e9nifra ne r\u00e9side pas seulement dans la pr\u00e9sence des formations v\u00e9g\u00e9tales de grande valeur, mais aussi dans l\u2019existence de plusieurs zones humides (Aguelmam Sidi Ali, Aguelmam Azegza, Aguelmam Ouiouane, Aguelmam Abekhan, Aguelmam Miami) abritant une avifaune remarquable et une multitude d\u2019esp\u00e8ces piscicoles (Truite arc-en-ciel, Truite Fario, Brochet, Blackbass, Varichorinus, Perche, Gardon, Tanche, Sandre, Barbeau) (Rapport, 2018) <\/p>\n\n\n\n<figure class=\"wp-block-image size-large\"><img loading=\"lazy\" decoding=\"async\" width=\"1024\" height=\"576\" src=\"https:\/\/amepn.ma\/rbca\/site\/wp-content\/uploads\/2023\/12\/carte-du-PNKH-1024x576.png\" alt=\"\" class=\"wp-image-439\" srcset=\"https:\/\/amepn.ma\/rbca\/observatoire\/wp-content\/uploads\/2023\/12\/carte-du-PNKH-1024x576.png 1024w, https:\/\/amepn.ma\/rbca\/observatoire\/wp-content\/uploads\/2023\/12\/carte-du-PNKH-300x169.png 300w, https:\/\/amepn.ma\/rbca\/observatoire\/wp-content\/uploads\/2023\/12\/carte-du-PNKH-768x432.png 768w, https:\/\/amepn.ma\/rbca\/observatoire\/wp-content\/uploads\/2023\/12\/carte-du-PNKH.png 1280w\" sizes=\"(max-width: 1024px) 100vw, 1024px\" \/><\/figure>\n\n\n\n<figure class=\"wp-block-gallery has-nested-images columns-default is-cropped wp-block-gallery-1 is-layout-flex wp-block-gallery-is-layout-flex\"><div class=\"wp-block-image\">\n<figure class=\"aligncenter size-large\"><img loading=\"lazy\" decoding=\"async\" width=\"960\" height=\"640\" data-id=\"442\" src=\"https:\/\/amepn.ma\/rbca\/site\/wp-content\/uploads\/2023\/12\/1576776934912.jpg\" alt=\"\" class=\"wp-image-442\" srcset=\"https:\/\/amepn.ma\/rbca\/observatoire\/wp-content\/uploads\/2023\/12\/1576776934912.jpg 960w, https:\/\/amepn.ma\/rbca\/observatoire\/wp-content\/uploads\/2023\/12\/1576776934912-300x200.jpg 300w, https:\/\/amepn.ma\/rbca\/observatoire\/wp-content\/uploads\/2023\/12\/1576776934912-768x512.jpg 768w, https:\/\/amepn.ma\/rbca\/observatoire\/wp-content\/uploads\/2023\/12\/1576776934912-600x400.jpg 600w\" sizes=\"(max-width: 960px) 100vw, 960px\" \/><\/figure><\/div><\/figure>\n","protected":false},"excerpt":{"rendered":"<p>Le Parc national de\u00a0Kh\u00e9nifra fait partie des cr\u00e9ations de parcs les plus r\u00e9centes au Maroc. Cr\u00e9\u00e9 en 2008, se situant dans la province de Kh\u00e9nifra, le site s\u2019\u00e9tend sur une superficie de 93.500 ha. Il s\u2019agit d\u2019un territoire sp\u00e9cifique \u00e0 la C\u00e9draie de l\u2019Atlas et au Singe Magot recelant une grande richesse paysag\u00e8re, g\u00e9ologique, biologique et culturelle d\u2019une importance consid\u00e9rable. [&hellip;]<\/p>\n","protected":false},"author":1,"featured_media":0,"parent":0,"menu_order":0,"comment_status":"closed","ping_status":"closed","template":"","meta":{"footnotes":""},"_links":{"self":[{"href":"https:\/\/amepn.ma\/rbca\/observatoire\/index.php?rest_route=\/wp\/v2\/pages\/148"}],"collection":[{"href":"https:\/\/amepn.ma\/rbca\/observatoire\/index.php?rest_route=\/wp\/v2\/pages"}],"about":[{"href":"https:\/\/amepn.ma\/rbca\/observatoire\/index.php?rest_route=\/wp\/v2\/types\/page"}],"author":[{"embeddable":true,"href":"https:\/\/amepn.ma\/rbca\/observatoire\/index.php?rest_route=\/wp\/v2\/users\/1"}],"replies":[{"embeddable":true,"href":"https:\/\/amepn.ma\/rbca\/observatoire\/index.php?rest_route=%2Fwp%2Fv2%2Fcomments&post=148"}],"version-history":[{"count":7,"href":"https:\/\/amepn.ma\/rbca\/observatoire\/index.php?rest_route=\/wp\/v2\/pages\/148\/revisions"}],"predecessor-version":[{"id":443,"href":"https:\/\/amepn.ma\/rbca\/observatoire\/index.php?rest_route=\/wp\/v2\/pages\/148\/revisions\/443"}],"wp:attachment":[{"href":"https:\/\/amepn.ma\/rbca\/observatoire\/index.php?rest_route=%2Fwp%2Fv2%2Fmedia&parent=148"}],"curies":[{"name":"wp","href":"https:\/\/api.w.org\/{rel}","templated":true}]}}