{"id":150,"date":"2023-07-17T19:36:11","date_gmt":"2023-07-17T17:36:11","guid":{"rendered":"https:\/\/amepn.ma\/rbca\/site\/?page_id=150"},"modified":"2023-12-29T22:02:22","modified_gmt":"2023-12-29T21:02:22","slug":"pn-du-hao","status":"publish","type":"page","link":"https:\/\/amepn.ma\/rbca\/observatoire\/?page_id=150","title":{"rendered":"Parc National du Haut Atlas Oriental"},"content":{"rendered":"\n<p>Le Parc National du Haut Atlas Oriental (Figure 5) est l\u2019un des quatre parcs nationaux marocains d\u00e9cr\u00e9t\u00e9s en 2004, dans le cadre de la nouvelle politique du Haut-Commissariat aux Eaux et For\u00eats et \u00e0 la Lutte Contre la D\u00e9sertification lanc\u00e9e en 1995. Il s\u2019\u00e9tend sur 55.252 hectares entre la localit\u00e9 d\u2019Imilchil au Sud-Ouest et le Jbel Aberdouz \u00e0 l\u2019Est. Il est \u00e9tendu sur une superficie de 18.500 hectares du domaine forestier compos\u00e9 des colonies de ch\u00eane vert et de la partie occidentale de la grande Le de la partie occidentale de la grande c\u00e9draie marocaine. Il est prolong\u00e9 \u00e0 l\u2019Ouest par le plateau des lacs d\u2019Isli et de Tislit, site class\u00e9 patrimoine national depuis 1941. Le parc est drain\u00e9 par plusieurs oueds qui constituent un r\u00e9seau hydrographique dense et enchev\u00eatr\u00e9. Sa partie \u00e0 exposition nord-nord-ouest fait partie int\u00e9grante du Bassin Oum Rabiaa, alors que celle sud, elle appartient au Bassin Ziz Rh\u00e9ris (Rapport, 2020) <\/p>\n\n\n\n<figure class=\"wp-block-image size-large is-resized\"><img loading=\"lazy\" decoding=\"async\" width=\"1024\" height=\"576\" src=\"https:\/\/amepn.ma\/rbca\/site\/wp-content\/uploads\/2023\/12\/carte-PNHAO-1024x576.png\" alt=\"\" class=\"wp-image-444\" style=\"aspect-ratio:1.2863636363636364;width:836px;height:auto\" srcset=\"https:\/\/amepn.ma\/rbca\/observatoire\/wp-content\/uploads\/2023\/12\/carte-PNHAO-1024x576.png 1024w, https:\/\/amepn.ma\/rbca\/observatoire\/wp-content\/uploads\/2023\/12\/carte-PNHAO-300x169.png 300w, https:\/\/amepn.ma\/rbca\/observatoire\/wp-content\/uploads\/2023\/12\/carte-PNHAO-768x432.png 768w, https:\/\/amepn.ma\/rbca\/observatoire\/wp-content\/uploads\/2023\/12\/carte-PNHAO.png 1280w\" sizes=\"(max-width: 1024px) 100vw, 1024px\" \/><\/figure>\n\n\n\n<figure class=\"wp-block-image size-large\"><img loading=\"lazy\" decoding=\"async\" width=\"1024\" height=\"461\" src=\"https:\/\/amepn.ma\/rbca\/site\/wp-content\/uploads\/2023\/12\/327176078_725074108989161_234671714894960756_n-1024x461.jpg\" alt=\"\" class=\"wp-image-246\" srcset=\"https:\/\/amepn.ma\/rbca\/observatoire\/wp-content\/uploads\/2023\/12\/327176078_725074108989161_234671714894960756_n-1024x461.jpg 1024w, https:\/\/amepn.ma\/rbca\/observatoire\/wp-content\/uploads\/2023\/12\/327176078_725074108989161_234671714894960756_n-300x135.jpg 300w, https:\/\/amepn.ma\/rbca\/observatoire\/wp-content\/uploads\/2023\/12\/327176078_725074108989161_234671714894960756_n-768x346.jpg 768w, https:\/\/amepn.ma\/rbca\/observatoire\/wp-content\/uploads\/2023\/12\/327176078_725074108989161_234671714894960756_n.jpg 1280w\" sizes=\"(max-width: 1024px) 100vw, 1024px\" \/><\/figure>\n\n\n\n<figure class=\"wp-block-image size-large\"><img loading=\"lazy\" decoding=\"async\" width=\"1024\" height=\"768\" src=\"https:\/\/amepn.ma\/rbca\/site\/wp-content\/uploads\/2023\/12\/325888662_654045089823789_806016911796950528_n-1024x768.jpg\" alt=\"\" class=\"wp-image-245\" srcset=\"https:\/\/amepn.ma\/rbca\/observatoire\/wp-content\/uploads\/2023\/12\/325888662_654045089823789_806016911796950528_n-1024x768.jpg 1024w, https:\/\/amepn.ma\/rbca\/observatoire\/wp-content\/uploads\/2023\/12\/325888662_654045089823789_806016911796950528_n-300x225.jpg 300w, https:\/\/amepn.ma\/rbca\/observatoire\/wp-content\/uploads\/2023\/12\/325888662_654045089823789_806016911796950528_n-768x576.jpg 768w, https:\/\/amepn.ma\/rbca\/observatoire\/wp-content\/uploads\/2023\/12\/325888662_654045089823789_806016911796950528_n-1536x1152.jpg 1536w, https:\/\/amepn.ma\/rbca\/observatoire\/wp-content\/uploads\/2023\/12\/325888662_654045089823789_806016911796950528_n.jpg 1600w\" sizes=\"(max-width: 1024px) 100vw, 1024px\" \/><\/figure>\n","protected":false},"excerpt":{"rendered":"<p>Le Parc National du Haut Atlas Oriental (Figure 5) est l\u2019un des quatre parcs nationaux marocains d\u00e9cr\u00e9t\u00e9s en 2004, dans le cadre de la nouvelle politique du Haut-Commissariat aux Eaux et For\u00eats et \u00e0 la Lutte Contre la D\u00e9sertification lanc\u00e9e en 1995. Il s\u2019\u00e9tend sur 55.252 hectares entre la localit\u00e9 d\u2019Imilchil au Sud-Ouest et le Jbel Aberdouz \u00e0 l\u2019Est. Il [&hellip;]<\/p>\n","protected":false},"author":1,"featured_media":0,"parent":0,"menu_order":0,"comment_status":"closed","ping_status":"closed","template":"","meta":{"footnotes":""},"_links":{"self":[{"href":"https:\/\/amepn.ma\/rbca\/observatoire\/index.php?rest_route=\/wp\/v2\/pages\/150"}],"collection":[{"href":"https:\/\/amepn.ma\/rbca\/observatoire\/index.php?rest_route=\/wp\/v2\/pages"}],"about":[{"href":"https:\/\/amepn.ma\/rbca\/observatoire\/index.php?rest_route=\/wp\/v2\/types\/page"}],"author":[{"embeddable":true,"href":"https:\/\/amepn.ma\/rbca\/observatoire\/index.php?rest_route=\/wp\/v2\/users\/1"}],"replies":[{"embeddable":true,"href":"https:\/\/amepn.ma\/rbca\/observatoire\/index.php?rest_route=%2Fwp%2Fv2%2Fcomments&post=150"}],"version-history":[{"count":4,"href":"https:\/\/amepn.ma\/rbca\/observatoire\/index.php?rest_route=\/wp\/v2\/pages\/150\/revisions"}],"predecessor-version":[{"id":445,"href":"https:\/\/amepn.ma\/rbca\/observatoire\/index.php?rest_route=\/wp\/v2\/pages\/150\/revisions\/445"}],"wp:attachment":[{"href":"https:\/\/amepn.ma\/rbca\/observatoire\/index.php?rest_route=%2Fwp%2Fv2%2Fmedia&parent=150"}],"curies":[{"name":"wp","href":"https:\/\/api.w.org\/{rel}","templated":true}]}}