{"id":156,"date":"2023-07-17T19:37:04","date_gmt":"2023-07-17T17:37:04","guid":{"rendered":"https:\/\/amepn.ma\/rbca\/site\/?page_id=156"},"modified":"2023-12-19T15:20:26","modified_gmt":"2023-12-19T14:20:26","slug":"formations","status":"publish","type":"page","link":"https:\/\/amepn.ma\/rbca\/observatoire\/?page_id=156","title":{"rendered":"Formations"},"content":{"rendered":"\n<p class=\"has-text-color has-background has-medium-font-size has-very-dark-gray-color has-pale-cyan-blue-background-color\"><strong>Parc National de Kh\u00e9nifra : Formation des associations de la RBCA sur la gestion et le suivi des Zones Humides<\/strong><\/p>\n\n\n\n<p class=\"has-text-color has-very-dark-gray-color\"> Au c\u0153ur du Parc National de Kh\u00e9nifra, le R\u00e9seau des Associations de la R\u00e9serve de Biosph\u00e8re du C\u00e8dre de l&#8217;Atlas organise, ces 10, 11 et 12 novembre 2023, une session de formation des formateurs sur la gestion et le suivi des zones humides et les espaces naturels pour la contribution \u00e0 la planification et \u00e0 l&#8217;\u00e9laboration du plan strat\u00e9gique de l&#8217;action associative de la RBCA pour la p\u00e9riode 2024 &#8211; 2034. Cette rencontre tenue \u00e0 l&#8217;initiative de l&#8217;AMEPN et l&#8217;appui de la SPANA dans le cadre du projet de renforcement des capacit\u00e9s de la Soci\u00e9t\u00e9 civile, a regroup\u00e9 15 associations des 19 ONG membres du r\u00e9seau. Ces sessions de formation et ces ateliers sont anim\u00e9s par des experts nationaux et locaux en mati\u00e8re de suivi des zones humides et de gestion des espaces naturels. Les mots d&#8217;ouverture et d&#8217;encadrement de cette rencontre ont \u00e9t\u00e9 faits par MM. Les Directeurs des Parcs Nationaux de Kh\u00e9nifra et du Haut Atlas Oriental repr\u00e9sentants de l&#8217;ANEF, les repr\u00e9sentants de la SPANA et de l&#8217;AMEPN et les repr\u00e9sentants du tissu associatif de la RBCA. <\/p>\n\n\n\n<figure class=\"wp-block-image size-large\"><img loading=\"lazy\" decoding=\"async\" width=\"1024\" height=\"462\" src=\"https:\/\/amepn.ma\/rbca\/site\/wp-content\/uploads\/2023\/12\/401431823_722359273268155_5437711862221478033_n-1024x462.jpg\" alt=\"\" class=\"wp-image-210\" srcset=\"https:\/\/amepn.ma\/rbca\/observatoire\/wp-content\/uploads\/2023\/12\/401431823_722359273268155_5437711862221478033_n-1024x462.jpg 1024w, https:\/\/amepn.ma\/rbca\/observatoire\/wp-content\/uploads\/2023\/12\/401431823_722359273268155_5437711862221478033_n-300x135.jpg 300w, https:\/\/amepn.ma\/rbca\/observatoire\/wp-content\/uploads\/2023\/12\/401431823_722359273268155_5437711862221478033_n-768x346.jpg 768w, https:\/\/amepn.ma\/rbca\/observatoire\/wp-content\/uploads\/2023\/12\/401431823_722359273268155_5437711862221478033_n-1536x692.jpg 1536w, https:\/\/amepn.ma\/rbca\/observatoire\/wp-content\/uploads\/2023\/12\/401431823_722359273268155_5437711862221478033_n-2048x923.jpg 2048w\" sizes=\"(max-width: 1024px) 100vw, 1024px\" \/><\/figure>\n\n\n\n<figure class=\"wp-block-gallery columns-3 is-cropped wp-block-gallery-1 is-layout-flex wp-block-gallery-is-layout-flex\"><ul class=\"blocks-gallery-grid\"><li class=\"blocks-gallery-item\"><figure><img loading=\"lazy\" decoding=\"async\" width=\"1024\" height=\"462\" src=\"https:\/\/amepn.ma\/rbca\/site\/wp-content\/uploads\/2023\/12\/399642554_723459886491427_7771951781895972472_n-1-1024x462.jpg\" alt=\"\" data-id=\"205\" data-full-url=\"https:\/\/amepn.ma\/rbca\/site\/wp-content\/uploads\/2023\/12\/399642554_723459886491427_7771951781895972472_n-1.jpg\" data-link=\"https:\/\/amepn.ma\/rbca\/site\/?attachment_id=205\" class=\"wp-image-205\" srcset=\"https:\/\/amepn.ma\/rbca\/observatoire\/wp-content\/uploads\/2023\/12\/399642554_723459886491427_7771951781895972472_n-1-1024x462.jpg 1024w, https:\/\/amepn.ma\/rbca\/observatoire\/wp-content\/uploads\/2023\/12\/399642554_723459886491427_7771951781895972472_n-1-300x135.jpg 300w, https:\/\/amepn.ma\/rbca\/observatoire\/wp-content\/uploads\/2023\/12\/399642554_723459886491427_7771951781895972472_n-1-768x346.jpg 768w, https:\/\/amepn.ma\/rbca\/observatoire\/wp-content\/uploads\/2023\/12\/399642554_723459886491427_7771951781895972472_n-1-1536x692.jpg 1536w, https:\/\/amepn.ma\/rbca\/observatoire\/wp-content\/uploads\/2023\/12\/399642554_723459886491427_7771951781895972472_n-1-2048x923.jpg 2048w\" sizes=\"(max-width: 1024px) 100vw, 1024px\" \/><\/figure><\/li><li class=\"blocks-gallery-item\"><figure><img loading=\"lazy\" decoding=\"async\" width=\"1024\" height=\"461\" src=\"https:\/\/amepn.ma\/rbca\/site\/wp-content\/uploads\/2023\/12\/399644254_722359479934801_4837538244448350872_n-1024x461.jpg\" alt=\"\" data-id=\"206\" data-full-url=\"https:\/\/amepn.ma\/rbca\/site\/wp-content\/uploads\/2023\/12\/399644254_722359479934801_4837538244448350872_n-scaled.jpg\" data-link=\"https:\/\/amepn.ma\/rbca\/site\/?attachment_id=206\" class=\"wp-image-206\" srcset=\"https:\/\/amepn.ma\/rbca\/observatoire\/wp-content\/uploads\/2023\/12\/399644254_722359479934801_4837538244448350872_n-1024x461.jpg 1024w, https:\/\/amepn.ma\/rbca\/observatoire\/wp-content\/uploads\/2023\/12\/399644254_722359479934801_4837538244448350872_n-300x135.jpg 300w, https:\/\/amepn.ma\/rbca\/observatoire\/wp-content\/uploads\/2023\/12\/399644254_722359479934801_4837538244448350872_n-768x346.jpg 768w, https:\/\/amepn.ma\/rbca\/observatoire\/wp-content\/uploads\/2023\/12\/399644254_722359479934801_4837538244448350872_n-1536x691.jpg 1536w, https:\/\/amepn.ma\/rbca\/observatoire\/wp-content\/uploads\/2023\/12\/399644254_722359479934801_4837538244448350872_n-2048x922.jpg 2048w\" sizes=\"(max-width: 1024px) 100vw, 1024px\" \/><\/figure><\/li><li class=\"blocks-gallery-item\"><figure><img loading=\"lazy\" decoding=\"async\" width=\"1024\" height=\"768\" src=\"https:\/\/amepn.ma\/rbca\/site\/wp-content\/uploads\/2023\/12\/399650406_722359603268122_25736965747618905_n-1024x768.jpg\" alt=\"\" data-id=\"207\" data-full-url=\"https:\/\/amepn.ma\/rbca\/site\/wp-content\/uploads\/2023\/12\/399650406_722359603268122_25736965747618905_n.jpg\" data-link=\"https:\/\/amepn.ma\/rbca\/site\/?attachment_id=207\" class=\"wp-image-207\" srcset=\"https:\/\/amepn.ma\/rbca\/observatoire\/wp-content\/uploads\/2023\/12\/399650406_722359603268122_25736965747618905_n-1024x768.jpg 1024w, https:\/\/amepn.ma\/rbca\/observatoire\/wp-content\/uploads\/2023\/12\/399650406_722359603268122_25736965747618905_n-300x225.jpg 300w, https:\/\/amepn.ma\/rbca\/observatoire\/wp-content\/uploads\/2023\/12\/399650406_722359603268122_25736965747618905_n-768x576.jpg 768w, https:\/\/amepn.ma\/rbca\/observatoire\/wp-content\/uploads\/2023\/12\/399650406_722359603268122_25736965747618905_n.jpg 1152w\" sizes=\"(max-width: 1024px) 100vw, 1024px\" \/><\/figure><\/li><li class=\"blocks-gallery-item\"><figure><img loading=\"lazy\" decoding=\"async\" width=\"1024\" height=\"461\" src=\"https:\/\/amepn.ma\/rbca\/site\/wp-content\/uploads\/2023\/12\/400811024_723400379830711_1275711231692781395_n-1024x461.jpg\" alt=\"\" data-id=\"208\" data-full-url=\"https:\/\/amepn.ma\/rbca\/site\/wp-content\/uploads\/2023\/12\/400811024_723400379830711_1275711231692781395_n.jpg\" data-link=\"https:\/\/amepn.ma\/rbca\/site\/?attachment_id=208\" class=\"wp-image-208\" srcset=\"https:\/\/amepn.ma\/rbca\/observatoire\/wp-content\/uploads\/2023\/12\/400811024_723400379830711_1275711231692781395_n-1024x461.jpg 1024w, https:\/\/amepn.ma\/rbca\/observatoire\/wp-content\/uploads\/2023\/12\/400811024_723400379830711_1275711231692781395_n-300x135.jpg 300w, https:\/\/amepn.ma\/rbca\/observatoire\/wp-content\/uploads\/2023\/12\/400811024_723400379830711_1275711231692781395_n-768x346.jpg 768w, https:\/\/amepn.ma\/rbca\/observatoire\/wp-content\/uploads\/2023\/12\/400811024_723400379830711_1275711231692781395_n-1536x691.jpg 1536w, https:\/\/amepn.ma\/rbca\/observatoire\/wp-content\/uploads\/2023\/12\/400811024_723400379830711_1275711231692781395_n.jpg 2000w\" sizes=\"(max-width: 1024px) 100vw, 1024px\" \/><\/figure><\/li><li class=\"blocks-gallery-item\"><figure><img loading=\"lazy\" decoding=\"async\" width=\"1024\" height=\"462\" src=\"https:\/\/amepn.ma\/rbca\/site\/wp-content\/uploads\/2023\/12\/401236808_722359426601473_1345202299622950853_n-1024x462.jpg\" alt=\"\" data-id=\"209\" data-full-url=\"https:\/\/amepn.ma\/rbca\/site\/wp-content\/uploads\/2023\/12\/401236808_722359426601473_1345202299622950853_n.jpg\" data-link=\"https:\/\/amepn.ma\/rbca\/site\/?attachment_id=209\" class=\"wp-image-209\" srcset=\"https:\/\/amepn.ma\/rbca\/observatoire\/wp-content\/uploads\/2023\/12\/401236808_722359426601473_1345202299622950853_n-1024x462.jpg 1024w, https:\/\/amepn.ma\/rbca\/observatoire\/wp-content\/uploads\/2023\/12\/401236808_722359426601473_1345202299622950853_n-300x135.jpg 300w, https:\/\/amepn.ma\/rbca\/observatoire\/wp-content\/uploads\/2023\/12\/401236808_722359426601473_1345202299622950853_n-768x346.jpg 768w, https:\/\/amepn.ma\/rbca\/observatoire\/wp-content\/uploads\/2023\/12\/401236808_722359426601473_1345202299622950853_n-1536x692.jpg 1536w, https:\/\/amepn.ma\/rbca\/observatoire\/wp-content\/uploads\/2023\/12\/401236808_722359426601473_1345202299622950853_n-2048x923.jpg 2048w\" sizes=\"(max-width: 1024px) 100vw, 1024px\" \/><\/figure><\/li><li class=\"blocks-gallery-item\"><figure><img loading=\"lazy\" decoding=\"async\" width=\"1024\" height=\"462\" src=\"https:\/\/amepn.ma\/rbca\/site\/wp-content\/uploads\/2023\/12\/401431823_722359273268155_5437711862221478033_n-1024x462.jpg\" alt=\"\" data-id=\"210\" data-full-url=\"https:\/\/amepn.ma\/rbca\/site\/wp-content\/uploads\/2023\/12\/401431823_722359273268155_5437711862221478033_n.jpg\" data-link=\"https:\/\/amepn.ma\/rbca\/site\/?attachment_id=210\" class=\"wp-image-210\" srcset=\"https:\/\/amepn.ma\/rbca\/observatoire\/wp-content\/uploads\/2023\/12\/401431823_722359273268155_5437711862221478033_n-1024x462.jpg 1024w, https:\/\/amepn.ma\/rbca\/observatoire\/wp-content\/uploads\/2023\/12\/401431823_722359273268155_5437711862221478033_n-300x135.jpg 300w, https:\/\/amepn.ma\/rbca\/observatoire\/wp-content\/uploads\/2023\/12\/401431823_722359273268155_5437711862221478033_n-768x346.jpg 768w, https:\/\/amepn.ma\/rbca\/observatoire\/wp-content\/uploads\/2023\/12\/401431823_722359273268155_5437711862221478033_n-1536x692.jpg 1536w, https:\/\/amepn.ma\/rbca\/observatoire\/wp-content\/uploads\/2023\/12\/401431823_722359273268155_5437711862221478033_n-2048x923.jpg 2048w\" sizes=\"(max-width: 1024px) 100vw, 1024px\" \/><\/figure><\/li><\/ul><\/figure>\n","protected":false},"excerpt":{"rendered":"<p>Parc National de Kh\u00e9nifra : Formation des associations de la RBCA sur la gestion et le suivi des Zones Humides Au c\u0153ur du Parc National de Kh\u00e9nifra, le R\u00e9seau des Associations de la R\u00e9serve de Biosph\u00e8re du C\u00e8dre de l&#8217;Atlas organise, ces 10, 11 et 12 novembre 2023, une session de formation des formateurs sur la gestion et le suivi [&hellip;]<\/p>\n","protected":false},"author":1,"featured_media":0,"parent":0,"menu_order":0,"comment_status":"closed","ping_status":"closed","template":"","meta":{"footnotes":""},"_links":{"self":[{"href":"https:\/\/amepn.ma\/rbca\/observatoire\/index.php?rest_route=\/wp\/v2\/pages\/156"}],"collection":[{"href":"https:\/\/amepn.ma\/rbca\/observatoire\/index.php?rest_route=\/wp\/v2\/pages"}],"about":[{"href":"https:\/\/amepn.ma\/rbca\/observatoire\/index.php?rest_route=\/wp\/v2\/types\/page"}],"author":[{"embeddable":true,"href":"https:\/\/amepn.ma\/rbca\/observatoire\/index.php?rest_route=\/wp\/v2\/users\/1"}],"replies":[{"embeddable":true,"href":"https:\/\/amepn.ma\/rbca\/observatoire\/index.php?rest_route=%2Fwp%2Fv2%2Fcomments&post=156"}],"version-history":[{"count":6,"href":"https:\/\/amepn.ma\/rbca\/observatoire\/index.php?rest_route=\/wp\/v2\/pages\/156\/revisions"}],"predecessor-version":[{"id":215,"href":"https:\/\/amepn.ma\/rbca\/observatoire\/index.php?rest_route=\/wp\/v2\/pages\/156\/revisions\/215"}],"wp:attachment":[{"href":"https:\/\/amepn.ma\/rbca\/observatoire\/index.php?rest_route=%2Fwp%2Fv2%2Fmedia&parent=156"}],"curies":[{"name":"wp","href":"https:\/\/api.w.org\/{rel}","templated":true}]}}