{"id":250,"date":"2023-12-19T21:21:44","date_gmt":"2023-12-19T20:21:44","guid":{"rendered":"https:\/\/amepn.ma\/rbca\/site\/?page_id=250"},"modified":"2023-12-28T14:40:38","modified_gmt":"2023-12-28T13:40:38","slug":"unite-de-gestion","status":"publish","type":"page","link":"https:\/\/amepn.ma\/rbca\/observatoire\/?page_id=250","title":{"rendered":"Unit\u00e9 de Gestion"},"content":{"rendered":"\n<p class=\"has-black-color has-text-color has-link-color has-small-font-size wp-elements-baa4c82dbfc5c86124436a3499eb0f2b\"><strong>L&#8217;unit\u00e9 de gestion repr\u00e9sente la cellule responsable de coordonner et de faciliter la mise en \u0153uvre des activit\u00e9s de l&#8217;Observatoire des Zones Humides de la R\u00e9serve de Biosph\u00e8re du C\u00e8dre de l&#8217;Atlas. c&#8217;est une structure comprenant un coordinateur et \u00e9ventuellement des collaborateurs pour assurer la collecte des donn\u00e9es scientifiques re\u00e7ues des observateurs agr\u00e9es et de les soumettre au Conseil Scientifique pour examen et validation. <\/strong><\/p>\n\n\n\n<p class=\"has-text-align-center has-black-color has-pale-cyan-blue-background-color has-text-color has-background has-link-color has-medium-font-size wp-elements-baec874c95473082b614c3d1cc84185c\"><strong>Organigramme de l&#8217;Observatoire<\/strong><\/p>\n\n\n<div class=\"wp-block-image\">\n<figure class=\"aligncenter size-large is-resized\"><img loading=\"lazy\" decoding=\"async\" width=\"814\" height=\"1024\" src=\"https:\/\/amepn.ma\/rbca\/site\/wp-content\/uploads\/2023\/12\/organigramme-814x1024.png\" alt=\"\" class=\"wp-image-412\" style=\"width:420px;height:auto\" srcset=\"https:\/\/amepn.ma\/rbca\/observatoire\/wp-content\/uploads\/2023\/12\/organigramme-814x1024.png 814w, https:\/\/amepn.ma\/rbca\/observatoire\/wp-content\/uploads\/2023\/12\/organigramme-238x300.png 238w, https:\/\/amepn.ma\/rbca\/observatoire\/wp-content\/uploads\/2023\/12\/organigramme-768x966.png 768w, https:\/\/amepn.ma\/rbca\/observatoire\/wp-content\/uploads\/2023\/12\/organigramme-1221x1536.png 1221w, https:\/\/amepn.ma\/rbca\/observatoire\/wp-content\/uploads\/2023\/12\/organigramme-1628x2048.png 1628w\" sizes=\"(max-width: 814px) 100vw, 814px\" \/><\/figure><\/div>","protected":false},"excerpt":{"rendered":"<p>L&#8217;unit\u00e9 de gestion repr\u00e9sente la cellule responsable de coordonner et de faciliter la mise en \u0153uvre des activit\u00e9s de l&#8217;Observatoire des Zones Humides de la R\u00e9serve de Biosph\u00e8re du C\u00e8dre de l&#8217;Atlas. c&#8217;est une structure comprenant un coordinateur et \u00e9ventuellement des collaborateurs pour assurer la collecte des donn\u00e9es scientifiques re\u00e7ues des observateurs agr\u00e9es et de les soumettre au Conseil Scientifique [&hellip;]<\/p>\n","protected":false},"author":1,"featured_media":0,"parent":0,"menu_order":0,"comment_status":"closed","ping_status":"closed","template":"","meta":{"footnotes":""},"_links":{"self":[{"href":"https:\/\/amepn.ma\/rbca\/observatoire\/index.php?rest_route=\/wp\/v2\/pages\/250"}],"collection":[{"href":"https:\/\/amepn.ma\/rbca\/observatoire\/index.php?rest_route=\/wp\/v2\/pages"}],"about":[{"href":"https:\/\/amepn.ma\/rbca\/observatoire\/index.php?rest_route=\/wp\/v2\/types\/page"}],"author":[{"embeddable":true,"href":"https:\/\/amepn.ma\/rbca\/observatoire\/index.php?rest_route=\/wp\/v2\/users\/1"}],"replies":[{"embeddable":true,"href":"https:\/\/amepn.ma\/rbca\/observatoire\/index.php?rest_route=%2Fwp%2Fv2%2Fcomments&post=250"}],"version-history":[{"count":3,"href":"https:\/\/amepn.ma\/rbca\/observatoire\/index.php?rest_route=\/wp\/v2\/pages\/250\/revisions"}],"predecessor-version":[{"id":416,"href":"https:\/\/amepn.ma\/rbca\/observatoire\/index.php?rest_route=\/wp\/v2\/pages\/250\/revisions\/416"}],"wp:attachment":[{"href":"https:\/\/amepn.ma\/rbca\/observatoire\/index.php?rest_route=%2Fwp%2Fv2%2Fmedia&parent=250"}],"curies":[{"name":"wp","href":"https:\/\/api.w.org\/{rel}","templated":true}]}}