{"id":42,"date":"2022-09-21T13:08:01","date_gmt":"2022-09-21T11:08:01","guid":{"rendered":"https:\/\/amepn.ma\/rbca\/site\/?page_id=42"},"modified":"2023-07-17T12:32:26","modified_gmt":"2023-07-17T10:32:26","slug":"historique-de-la-rbca","status":"publish","type":"page","link":"https:\/\/amepn.ma\/rbca\/observatoire\/?page_id=42","title":{"rendered":"Historique de la RBCA"},"content":{"rendered":"\n<p>Le statut de la R\u00e9serve de Biosph\u00e8re du C\u00e8dre de l\u2019Atlas a \u00e9t\u00e9 d\u00e9clar\u00e9 officiellement par l\u2019UNESCO le 19 Mars 2016 pour contenir l\u2019ensemble du C\u00e8dre du Moyen Atlas Central et du Haut Atlas Oriental, sur une superficie d\u2019environ 1.375.000 ha. Cette r\u00e9serve a pour but de concilier les fonctions environnementales, l\u2019int\u00e9grit\u00e9 \u00e9cologique et les services socio-\u00e9conomiques de la c\u00e9draie, d\u2019une part, et de capitaliser sur les projets de d\u00e9veloppement et de valorisation des territoires des Parcs Nationaux d\u2019Ifrane, du Haut Atlas Oriental et de Kh\u00e9nifra.<\/p>\n\n\n\n<p>La RBCA s\u2019\u00e9tale sur le territoire de trois r\u00e9gions \u00e0 savoir : F\u00e8s \u2013 Mekn\u00e8s, B\u00e9ni Mellal-Kh\u00e9nifra et Dr\u00e2a-Tafilalet. Elle est situ\u00e9e sur sept provinces : Ifrane, Kh\u00e9nifra, Midelt, El Hajeb, S\u00e9frou, Boulmane et B\u00e9ni Mellal avec un total de 74 collectivit\u00e9s territoriales (Fig.2). Sur le plan organisation foresti\u00e8re, la RBCA rel\u00e8ve actuellement de 3 Directions R\u00e9gionales des Eaux et For\u00eats respectivement du Moyen-Atlas, de F\u00e8s-Boulemane, et Tadla-Kh\u00e9nifra.<br>7 Directions Provinciales des Eaux et For\u00eats et de la Lutte Contre la D\u00e9sertification(DPEFLCD) de Ifrane, Kh\u00e9nifra, Midelt, Boulemane, Beni Mellal, Sefrou et El Hajeb.<\/p>\n\n\n\n<p class=\"has-background has-text-align-center has-vivid-green-cyan-background-color\"><strong>Carte administrative de la RBCA<\/strong><\/p>\n\n\n\n<figure class=\"wp-block-image size-large is-resized\"><img loading=\"lazy\" decoding=\"async\" src=\"https:\/\/amepn.ma\/rbca\/site\/wp-content\/uploads\/2023\/07\/RBCA2-1024x702.jpg\" alt=\"\" class=\"wp-image-103\" width=\"586\" height=\"401\" srcset=\"https:\/\/amepn.ma\/rbca\/observatoire\/wp-content\/uploads\/2023\/07\/RBCA2-1024x702.jpg 1024w, https:\/\/amepn.ma\/rbca\/observatoire\/wp-content\/uploads\/2023\/07\/RBCA2-300x206.jpg 300w, https:\/\/amepn.ma\/rbca\/observatoire\/wp-content\/uploads\/2023\/07\/RBCA2-768x526.jpg 768w, https:\/\/amepn.ma\/rbca\/observatoire\/wp-content\/uploads\/2023\/07\/RBCA2.jpg 1090w\" sizes=\"(max-width: 586px) 100vw, 586px\" \/><\/figure>\n\n\n\n<p class=\"has-background has-text-align-center has-vivid-green-cyan-background-color\"><strong>Valeurs et fonctions \u00e9cologiques de la RBCA<\/strong><\/p>\n\n\n\n<p> La R\u00e9serve de Biosph\u00e8re du C\u00e8dre de l\u2019Atlas (RBCA), englobe une grande partie des Atlas centraux et poss\u00e8de les deux tiers (2\/3) de l\u2019aire de r\u00e9partition universelle du C\u00e8dre de l\u2019Atlas (Cedrus atlantica Manetti). Elle comprend de m\u00eame, du N au S, un assortiment assez complet des diff\u00e9rents \u00e9cosyst\u00e8mes possibles de l\u2019esp\u00e8ce, depuis l\u2019humide ou per-humide, o\u00f9 elle s\u2019\u00e9panouit, jusqu\u2019au semi-aride, qu\u2019elle effleure en front pionnier.<br>La montagne, qui repr\u00e9sente l\u2019essentiel de la r\u00e9serve, constitue le ch\u00e2teau d\u2019eau national. Culminant \u00e0 3750m, au Jebel Ayachi au SE de la r\u00e9serve, dans des structures essentiellement karstiques, elle met \u00e0 profit des pr\u00e9cipitations m\u00e9diterran\u00e9ennes copieuses, pouvant atteindre les 1500mm, en bonne partie neigeuses, pour en diss\u00e9miner les ressources b\u00e9n\u00e9fiques, fort appr\u00e9ci\u00e9es dans nos pays secs, par une belle ceinture p\u00e9ri-montagnarde de grosses sources, dans toutes les directions du Maroc. C\u2019est ainsi donc que la RBCA poss\u00e8de les massifs nourriciers des principaux fleuves du Maghreb : le Sebou, l\u2019Oum Erbia et la Moulouya. Son territoire arrive m\u00eame \u00e0 d\u00e9velopper un r\u00e9seau lacustre, tout \u00e0 fait exceptionnel \u00e0 l\u2019\u00e9chelle des paysages d\u2019Afrique du N. En plus de fournir des habitats d\u2019une splendeur inhabituelle en rive S de la M\u00e9diterran\u00e9e, rajoutant une note de fra\u00eecheur \u00e0 une biodiversit\u00e9 d\u00e9j\u00e0 riche, ces petits lacs avec les sources, constituent un instrument pr\u00e9cieux pour jauger l\u2019\u00e9volution des r\u00e9serves en eaux du karst. La R\u00e9serve de biosph\u00e8re des C\u00e8dres de l\u2019Atlas compte trois Parcs Nationaux Ifrane, Kh\u00e9nifra et le Haut Atlas Oriental, en plus d\u2019une vingtaine de Sites d\u2019Int\u00e9r\u00eat Biologique et Ecologique (SIBE), terrestres et aquatiques du Moyen Atlas. La carte ci-dessous pr\u00e9sente la r\u00e9partition des parcs nationaux et des SIBEs au sein de la RBCA <\/p>\n\n\n\n<p><\/p>\n","protected":false},"excerpt":{"rendered":"<p>Le statut de la R\u00e9serve de Biosph\u00e8re du C\u00e8dre de l\u2019Atlas a \u00e9t\u00e9 d\u00e9clar\u00e9 officiellement par l\u2019UNESCO le 19 Mars 2016 pour contenir l\u2019ensemble du C\u00e8dre du Moyen Atlas Central et du Haut Atlas Oriental, sur une superficie d\u2019environ 1.375.000 ha. Cette r\u00e9serve a pour but de concilier les fonctions environnementales, l\u2019int\u00e9grit\u00e9 \u00e9cologique et les services socio-\u00e9conomiques de la c\u00e9draie, [&hellip;]<\/p>\n","protected":false},"author":1,"featured_media":0,"parent":0,"menu_order":0,"comment_status":"closed","ping_status":"closed","template":"","meta":{"footnotes":""},"_links":{"self":[{"href":"https:\/\/amepn.ma\/rbca\/observatoire\/index.php?rest_route=\/wp\/v2\/pages\/42"}],"collection":[{"href":"https:\/\/amepn.ma\/rbca\/observatoire\/index.php?rest_route=\/wp\/v2\/pages"}],"about":[{"href":"https:\/\/amepn.ma\/rbca\/observatoire\/index.php?rest_route=\/wp\/v2\/types\/page"}],"author":[{"embeddable":true,"href":"https:\/\/amepn.ma\/rbca\/observatoire\/index.php?rest_route=\/wp\/v2\/users\/1"}],"replies":[{"embeddable":true,"href":"https:\/\/amepn.ma\/rbca\/observatoire\/index.php?rest_route=%2Fwp%2Fv2%2Fcomments&post=42"}],"version-history":[{"count":3,"href":"https:\/\/amepn.ma\/rbca\/observatoire\/index.php?rest_route=\/wp\/v2\/pages\/42\/revisions"}],"predecessor-version":[{"id":105,"href":"https:\/\/amepn.ma\/rbca\/observatoire\/index.php?rest_route=\/wp\/v2\/pages\/42\/revisions\/105"}],"wp:attachment":[{"href":"https:\/\/amepn.ma\/rbca\/observatoire\/index.php?rest_route=%2Fwp%2Fv2%2Fmedia&parent=42"}],"curies":[{"name":"wp","href":"https:\/\/api.w.org\/{rel}","templated":true}]}}